{"id":75,"date":"2019-05-11T01:01:15","date_gmt":"2019-05-10T23:01:15","guid":{"rendered":"http:\/\/www.imep.edu.mx\/?page_id=75"},"modified":"2021-08-11T02:01:02","modified_gmt":"2021-08-11T00:01:02","slug":"personalidad-academica","status":"publish","type":"page","link":"https:\/\/www.imep.edu.mx\/?page_id=75","title":{"rendered":"Personalidad Acad\u00e9mica"},"content":{"rendered":"\t\t<div data-elementor-type=\"wp-post\" data-elementor-id=\"75\" class=\"elementor elementor-75\">\n\t\t\t\t\t\t<section class=\"elementor-section elementor-top-section elementor-element elementor-element-4d3e8121 elementor-section-stretched elementor-section-boxed elementor-section-height-default elementor-section-height-default\" data-id=\"4d3e8121\" data-element_type=\"section\" data-e-type=\"section\" data-settings=\"{&quot;stretch_section&quot;:&quot;section-stretched&quot;}\">\n\t\t\t\t\t\t<div class=\"elementor-container elementor-column-gap-default\">\n\t\t\t\t\t<div class=\"elementor-column elementor-col-66 elementor-top-column elementor-element elementor-element-30154112\" data-id=\"30154112\" data-element_type=\"column\" data-e-type=\"column\">\n\t\t\t<div class=\"elementor-widget-wrap elementor-element-populated\">\n\t\t\t\t\t\t<div class=\"elementor-element elementor-element-29d737db elementor-widget elementor-widget-image\" data-id=\"29d737db\" data-element_type=\"widget\" data-e-type=\"widget\" data-widget_type=\"image.default\">\n\t\t\t\t<div class=\"elementor-widget-container\">\n\t\t\t\t\t\t\t\t\t\t\t\t\t\t\t<img fetchpriority=\"high\" decoding=\"async\" width=\"1024\" height=\"259\" src=\"https:\/\/www.imep.edu.mx\/wp-content\/uploads\/2019\/05\/banner-nosotros-1024x259.jpg\" class=\"attachment-large size-large wp-image-46\" alt=\"\" srcset=\"https:\/\/www.imep.edu.mx\/wp-content\/uploads\/2019\/05\/banner-nosotros-1024x259.jpg 1024w, https:\/\/www.imep.edu.mx\/wp-content\/uploads\/2019\/05\/banner-nosotros-300x76.jpg 300w, https:\/\/www.imep.edu.mx\/wp-content\/uploads\/2019\/05\/banner-nosotros-768x194.jpg 768w\" sizes=\"(max-width: 1024px) 100vw, 1024px\" \/>\t\t\t\t\t\t\t\t\t\t\t\t\t\t\t<\/div>\n\t\t\t\t<\/div>\n\t\t\t\t<div class=\"elementor-element elementor-element-51ea6611 elementor-widget elementor-widget-heading\" data-id=\"51ea6611\" data-element_type=\"widget\" data-e-type=\"widget\" data-widget_type=\"heading.default\">\n\t\t\t\t<div class=\"elementor-widget-container\">\n\t\t\t\t\t<h2 class=\"elementor-heading-title elementor-size-default\">PERSONALIDAD ACAD\u00c9MICA<\/h2>\t\t\t\t<\/div>\n\t\t\t\t<\/div>\n\t\t\t\t<div class=\"elementor-element elementor-element-185783da elementor-widget elementor-widget-text-editor\" data-id=\"185783da\" data-element_type=\"widget\" data-e-type=\"widget\" data-widget_type=\"text-editor.default\">\n\t\t\t\t<div class=\"elementor-widget-container\">\n\t\t\t\t\t\t\t\t\t<p>El Instituto Mexicano de Estudios Pedag\u00f3gicos, A.C. es una Instituci\u00f3n de Posgrado de excelencia y vanguardia en el campo educativo, lo respaldan m\u00e1s de una d\u00e9cada de experiencia en la actualizaci\u00f3n y profesionalizaci\u00f3n de docentes en los estados de Tamaulipas, Zacatecas, Nayarit y Jalisco, entidades en donde actualmente opera con el Reconocimiento Oficial de Estudios otorgado por la SEP, y los Reconocimientos de Validez Oficial de Estudios en cada una de \u00e9stas entidades federativas; as\u00ed como el registro correspondiente en la Direcci\u00f3n General de Profesiones.<\/p>\t\t\t\t\t\t\t\t<\/div>\n\t\t\t\t<\/div>\n\t\t\t\t<div class=\"elementor-element elementor-element-20e8700 elementor-widget elementor-widget-text-editor\" data-id=\"20e8700\" data-element_type=\"widget\" data-e-type=\"widget\" data-widget_type=\"text-editor.default\">\n\t\t\t\t<div class=\"elementor-widget-container\">\n\t\t\t\t\t\t\t\t\t<p style=\"text-align: center;\"><span style=\"font-size: 12pt;\"><span style=\"letter-spacing: 0.9px;\">RVOE por el Gobierno del Estado de Tamaulipas<\/span><span style=\"letter-spacing: 0.9px;\">,\u00a0<\/span><span style=\"letter-spacing: 0.9px;\">seg\u00fan Acuerdo No. NS9801001 del 19 de Enero de 1998 y publicado en el Diario Oficial No. 90 del 11 de Noviembre de 1998. C.C.T. 28PSU0039D<\/span><\/span><\/p><p>Licenciatura:<\/p><ul><li>En Pedagog\u00eda.<\/li><\/ul><p><strong>Especializaci\u00f3n:<\/strong><\/p><ul><li>Metodolog\u00eda de la Ense\u00f1anza.<\/li><li>Administraci\u00f3n Escolar.<\/li><li>Direcci\u00f3n Metodol\u00f3gica del Proceso Docente Educativo.<\/li><li>Planeaci\u00f3n Educativa.<\/li><\/ul><p><strong>Maestr\u00eda:<\/strong><\/p><ul><li>Metodolog\u00eda de la Ense\u00f1anza.<\/li><li>Administraci\u00f3n Escolar.<\/li><li>Direcci\u00f3n Metodol\u00f3gica del Proceso Docente Educativo.<\/li><li>Planeaci\u00f3n Educativa.<\/li><\/ul><p><strong>Doctorado<\/strong><\/p><ul><li>Metodolog\u00eda de la Ense\u00f1anza.<\/li><li>Administraci\u00f3n Educativa.<\/li><li>Direcci\u00f3n Metodol\u00f3gica del Proceso Docente Educativo.<\/li><li>Planeaci\u00f3n Educativa.<\/li><\/ul><p style=\"text-align: center;\"><span style=\"font-size: 12pt; font-family: georgia, palatino, serif;\"><b><span style=\"letter-spacing: 0.9px;\">RVOE por el Gobierno del Estado de Jalisco<\/span><span style=\"letter-spacing: 0.9px;\">, del 29 de Octubre del 2002; reconocimientos de validez oficial a partir del 14 de Noviembre del 2001, C.C.T. 14PSU0164Z, seg\u00fan Acuerdos:<\/span><\/b><\/span><\/p><p><strong>Licenciatura:<\/strong><\/p><ul><li>En Pedagog\u00eda: ESLI14201417<\/li><\/ul><p><strong>Especializaci\u00f3n:<\/strong><\/p><ul><li>Metodolog\u00eda de la Ense\u00f1anza: ESP20021401,\u00a0<\/li><li>Administraci\u00f3n Escolar y Educativa: ESP20021402<\/li><li>Direcci\u00f3n Metodol\u00f3gica del Proceso Docente Educativo: ESP20021403,<\/li><li>Planeaci\u00f3n Educativa: ESP20021404<\/li><\/ul><p><strong>Maestr\u00eda:<\/strong><\/p><ul><li>Metodolog\u00eda de la Ense\u00f1anza: ESM20021401, ESM20101402<\/li><li>Administraci\u00f3n Escolar y Educativa: ESM20021402<\/li><li>Direcci\u00f3n Metodol\u00f3gica del Proceso Docente Educativo: ESM20021403,<\/li><li>Planeaci\u00f3n Educativa: ESM20021404<\/li><\/ul><p><strong>Doctorado:<\/strong><\/p><ul><li>Metodolog\u00eda de la Ense\u00f1anza: ESD20021401<\/li><li>Administraci\u00f3n Escolar y Educativa: ESD20021402<\/li><li>Direcci\u00f3n Metodol\u00f3gica del Proceso Docente Educativo: ESD20021404<\/li><li>Planeaci\u00f3n Educativa: ESD20021403<\/li><\/ul><p style=\"text-align: center;\"><span style=\"font-size: 12pt;\"><strong>RVOE por el Gobierno del Estado de Jalisco, del 22 de Febrero de 2010; C.C.T. 14PSU0164Z, seg\u00fan Acuerdo:<\/strong><\/span><\/p><p>Maestr\u00eda\u00a0<\/p><ul><li>Metodolog\u00eda de la Ense\u00f1anza, Modalidad No Escolarizada: ESM20101402<\/li><\/ul><p style=\"text-align: center;\"><span style=\"font-size: 12pt;\"><strong>RVOE por el Gobierno del Estado de Zacatecas, del 10 de Mayo del 2004; C.C.T. 32PSU0020S, seg\u00fan Acuerdos:<\/strong><\/span><\/p><p><strong>Licenciatura:<\/strong><\/p><ul><li>En Pedagog\u00eda: 04632LP180904<\/li><\/ul><p><strong>Especializaci\u00f3n:<\/strong><\/p><ul><li>Did\u00e1ctica: 00532ED180122,<\/li><li>Administraci\u00f3n y Gesti\u00f3n Educativas: 00232EAyGE180122<\/li><\/ul><p><strong>Maestr\u00eda:<\/strong><\/p><ul><li>Did\u00e1ctica: 00632MD180122,<\/li><li>Administraci\u00f3n y Gesti\u00f3n Educativas: 00332MAyGE180122<\/li><\/ul><p><strong>Doctorado:<\/strong><\/p><ul><li>Did\u00e1ctica: 00432DD180122,<\/li><li>Administraci\u00f3n Gesti\u00f3n Educativas: 00132DAyGE180122<\/li><\/ul><p style=\"text-align: center;\"><span style=\"font-size: 12pt;\"><strong>RVOE por el Gobierno del Estado de Nayarit, del 9 de Septiembre del 2005; C.C.T. 18PSU0012Q; seg\u00fan Acuerdos:<\/strong><\/span><\/p><p><strong>Especializaci\u00f3n:<\/strong><\/p><ul><li>Metodolog\u00eda de la Ense\u00f1anza: ESE\/1804\/165\/2005;<\/li><\/ul><p><strong>Maestr\u00eda:<\/strong><\/p><ul><li>Metodolog\u00eda de la Ense\u00f1anza: ESM\/1804\/163\/2005;<\/li><li>Metodolog\u00eda de la Ense\u00f1anza en L\u00ednea: ESM\/1804\/288\/2007<\/li><\/ul><p><strong>Doctorado:\u00a0<\/strong><\/p><ul><li>Metodolog\u00eda de la Ense\u00f1anza: ESD\/1804\/164\/2005;<\/li><li>Metodolog\u00eda de la Ense\u00f1anza: ESD\/1817\/289\/2007<\/li><\/ul><p style=\"text-align: center;\"><strong>Claves Direcci\u00f3n General de Profesiones:<\/strong><\/p><p style=\"text-align: center;\"><strong>Especializaci\u00f3n:<\/strong><\/p><ul><li>Metodolog\u00eda de la Ense\u00f1anza: 213701,<\/li><li>Administraci\u00f3n Escolar y Educativa: 245786,<\/li><li>Direcci\u00f3n Metodol\u00f3gica del Proceso Docente Educativo: 207701,<\/li><li>Planeaci\u00f3n Educativa: 245765<\/li><\/ul><p style=\"text-align: center;\"><strong>Maestr\u00eda:<\/strong><\/p><ul><li>Metodolog\u00eda de la Ense\u00f1anza: 213561,<\/li><li>Administraci\u00f3n Escolar y Educativa: 608556,<\/li><li>Direcci\u00f3n Metodol\u00f3gica del Proceso Docente Educativo: 207583,<\/li><li>Planeaci\u00f3n Educativa: 245516<\/li><\/ul><p style=\"text-align: center;\"><strong>Doctorado:<\/strong><\/p><ul><li>Metodolog\u00eda de la Ense\u00f1anza: 213601,<\/li><li>Administraci\u00f3n Escolar y Educativa: 245615,<\/li><li>Direcci\u00f3n Metodol\u00f3gica del Proceso Docente Educativo: 207601,<\/li><li>Planeaci\u00f3n Educativa: 245609<\/li><\/ul>\t\t\t\t\t\t\t\t<\/div>\n\t\t\t\t<\/div>\n\t\t\t\t\t<\/div>\n\t\t<\/div>\n\t\t\t\t<div class=\"elementor-column elementor-col-33 elementor-top-column elementor-element elementor-element-68360a87\" data-id=\"68360a87\" data-element_type=\"column\" data-e-type=\"column\">\n\t\t\t<div class=\"elementor-widget-wrap elementor-element-populated\">\n\t\t\t\t\t\t<div class=\"elementor-element elementor-element-bd10fff elementor-icon-list--layout-traditional elementor-list-item-link-full_width elementor-widget elementor-widget-icon-list\" data-id=\"bd10fff\" data-element_type=\"widget\" data-e-type=\"widget\" data-widget_type=\"icon-list.default\">\n\t\t\t\t<div class=\"elementor-widget-container\">\n\t\t\t\t\t\t\t<ul class=\"elementor-icon-list-items\">\n\t\t\t\t\t\t\t<li class=\"elementor-icon-list-item\">\n\t\t\t\t\t\t\t\t\t\t\t<a href=\"http:\/\/www.imep.edu.mx\/?page_id=13\">\n\n\t\t\t\t\t\t\t\t\t\t\t<span class=\"elementor-icon-list-text\">\u00bfPORQU\u00c9 NACEL EL IMEP?<\/span>\n\t\t\t\t\t\t\t\t\t\t\t<\/a>\n\t\t\t\t\t\t\t\t\t<\/li>\n\t\t\t\t\t\t\t\t<li class=\"elementor-icon-list-item\">\n\t\t\t\t\t\t\t\t\t\t\t<a href=\"http:\/\/www.imep.edu.mx\/?page_id=52\">\n\n\t\t\t\t\t\t\t\t\t\t\t<span class=\"elementor-icon-list-text\">\u00bfQUI\u00c9NES CONSTITUYEN EL IMEP?<\/span>\n\t\t\t\t\t\t\t\t\t\t\t<\/a>\n\t\t\t\t\t\t\t\t\t<\/li>\n\t\t\t\t\t\t\t\t<li class=\"elementor-icon-list-item\">\n\t\t\t\t\t\t\t\t\t\t\t<a href=\"http:\/\/www.imep.edu.mx\/?page_id=59\">\n\n\t\t\t\t\t\t\t\t\t\t\t<span class=\"elementor-icon-list-text\">COMPROMISO Y RESPONSABILIDAD<\/span>\n\t\t\t\t\t\t\t\t\t\t\t<\/a>\n\t\t\t\t\t\t\t\t\t<\/li>\n\t\t\t\t\t\t\t\t<li class=\"elementor-icon-list-item\">\n\t\t\t\t\t\t\t\t\t\t\t<a href=\"http:\/\/www.imep.edu.mx\/?page_id=63\">\n\n\t\t\t\t\t\t\t\t\t\t\t<span class=\"elementor-icon-list-text\">PROYECTO EDUCATIVO<\/span>\n\t\t\t\t\t\t\t\t\t\t\t<\/a>\n\t\t\t\t\t\t\t\t\t<\/li>\n\t\t\t\t\t\t\t\t<li class=\"elementor-icon-list-item\">\n\t\t\t\t\t\t\t\t\t\t\t<a href=\"http:\/\/www.imep.edu.mx\/?page_id=69\">\n\n\t\t\t\t\t\t\t\t\t\t\t<span class=\"elementor-icon-list-text\">SOSTENIMIENTO<\/span>\n\t\t\t\t\t\t\t\t\t\t\t<\/a>\n\t\t\t\t\t\t\t\t\t<\/li>\n\t\t\t\t\t\t\t\t<li class=\"elementor-icon-list-item\">\n\t\t\t\t\t\t\t\t\t\t\t<a href=\"http:\/\/www.imep.edu.mx\/?page_id=75\">\n\n\t\t\t\t\t\t\t\t\t\t\t<span class=\"elementor-icon-list-text\">PERSONALIDAD ACAD\u00c9MICA<\/span>\n\t\t\t\t\t\t\t\t\t\t\t<\/a>\n\t\t\t\t\t\t\t\t\t<\/li>\n\t\t\t\t\t\t\t\t<li class=\"elementor-icon-list-item\">\n\t\t\t\t\t\t\t\t\t\t\t<a href=\"http:\/\/www.imep.edu.mx\/?page_id=254\">\n\n\t\t\t\t\t\t\t\t\t\t\t<span class=\"elementor-icon-list-text\">CONTACTO<\/span>\n\t\t\t\t\t\t\t\t\t\t\t<\/a>\n\t\t\t\t\t\t\t\t\t<\/li>\n\t\t\t\t\t\t<\/ul>\n\t\t\t\t\t\t<\/div>\n\t\t\t\t<\/div>\n\t\t\t\t\t<\/div>\n\t\t<\/div>\n\t\t\t\t\t<\/div>\n\t\t<\/section>\n\t\t\t\t<\/div>\n\t\t","protected":false},"excerpt":{"rendered":"<p>PERSONALIDAD ACAD\u00c9MICA El Instituto Mexicano de Estudios Pedag\u00f3gicos, A.C. es una Instituci\u00f3n de Posgrado de excelencia y vanguardia en el campo educativo, lo respaldan m\u00e1s de una d\u00e9cada de experiencia en la actualizaci\u00f3n y profesionalizaci\u00f3n de docentes en los estados de Tamaulipas, Zacatecas, Nayarit y Jalisco, entidades en donde actualmente opera con el Reconocimiento Oficial [&hellip;]<\/p>\n","protected":false},"author":1,"featured_media":0,"parent":0,"menu_order":0,"comment_status":"closed","ping_status":"closed","template":"elementor_header_footer","meta":{"_acf_changed":false,"footnotes":""},"class_list":["post-75","page","type-page","status-publish","hentry"],"acf":[],"_links":{"self":[{"href":"https:\/\/www.imep.edu.mx\/index.php?rest_route=\/wp\/v2\/pages\/75","targetHints":{"allow":["GET"]}}],"collection":[{"href":"https:\/\/www.imep.edu.mx\/index.php?rest_route=\/wp\/v2\/pages"}],"about":[{"href":"https:\/\/www.imep.edu.mx\/index.php?rest_route=\/wp\/v2\/types\/page"}],"author":[{"embeddable":true,"href":"https:\/\/www.imep.edu.mx\/index.php?rest_route=\/wp\/v2\/users\/1"}],"replies":[{"embeddable":true,"href":"https:\/\/www.imep.edu.mx\/index.php?rest_route=%2Fwp%2Fv2%2Fcomments&post=75"}],"version-history":[{"count":17,"href":"https:\/\/www.imep.edu.mx\/index.php?rest_route=\/wp\/v2\/pages\/75\/revisions"}],"predecessor-version":[{"id":1062,"href":"https:\/\/www.imep.edu.mx\/index.php?rest_route=\/wp\/v2\/pages\/75\/revisions\/1062"}],"wp:attachment":[{"href":"https:\/\/www.imep.edu.mx\/index.php?rest_route=%2Fwp%2Fv2%2Fmedia&parent=75"}],"curies":[{"name":"wp","href":"https:\/\/api.w.org\/{rel}","templated":true}]}}