{"id":69,"date":"2019-05-11T00:57:24","date_gmt":"2019-05-10T22:57:24","guid":{"rendered":"http:\/\/www.imep.edu.mx\/?page_id=69"},"modified":"2019-05-29T02:00:17","modified_gmt":"2019-05-29T00:00:17","slug":"sostenimiento","status":"publish","type":"page","link":"https:\/\/www.imep.edu.mx\/?page_id=69","title":{"rendered":"Sostenimiento"},"content":{"rendered":"\t\t<div data-elementor-type=\"wp-post\" data-elementor-id=\"69\" class=\"elementor elementor-69\">\n\t\t\t\t\t\t<section class=\"elementor-section elementor-top-section elementor-element elementor-element-5115da60 elementor-section-stretched elementor-section-boxed elementor-section-height-default elementor-section-height-default\" data-id=\"5115da60\" data-element_type=\"section\" data-e-type=\"section\" data-settings=\"{&quot;stretch_section&quot;:&quot;section-stretched&quot;}\">\n\t\t\t\t\t\t<div class=\"elementor-container elementor-column-gap-default\">\n\t\t\t\t\t<div class=\"elementor-column elementor-col-66 elementor-top-column elementor-element elementor-element-7f2c651e\" data-id=\"7f2c651e\" data-element_type=\"column\" data-e-type=\"column\">\n\t\t\t<div class=\"elementor-widget-wrap elementor-element-populated\">\n\t\t\t\t\t\t<div class=\"elementor-element elementor-element-43f74498 elementor-widget elementor-widget-image\" data-id=\"43f74498\" data-element_type=\"widget\" data-e-type=\"widget\" data-widget_type=\"image.default\">\n\t\t\t\t<div class=\"elementor-widget-container\">\n\t\t\t\t\t\t\t\t\t\t\t\t\t\t\t<img fetchpriority=\"high\" decoding=\"async\" width=\"1024\" height=\"259\" src=\"https:\/\/www.imep.edu.mx\/wp-content\/uploads\/2019\/05\/banner-nosotros-1024x259.jpg\" class=\"attachment-large size-large wp-image-46\" alt=\"\" srcset=\"https:\/\/www.imep.edu.mx\/wp-content\/uploads\/2019\/05\/banner-nosotros-1024x259.jpg 1024w, https:\/\/www.imep.edu.mx\/wp-content\/uploads\/2019\/05\/banner-nosotros-300x76.jpg 300w, https:\/\/www.imep.edu.mx\/wp-content\/uploads\/2019\/05\/banner-nosotros-768x194.jpg 768w\" sizes=\"(max-width: 1024px) 100vw, 1024px\" \/>\t\t\t\t\t\t\t\t\t\t\t\t\t\t\t<\/div>\n\t\t\t\t<\/div>\n\t\t\t\t<div class=\"elementor-element elementor-element-34ef1577 elementor-widget elementor-widget-heading\" data-id=\"34ef1577\" data-element_type=\"widget\" data-e-type=\"widget\" data-widget_type=\"heading.default\">\n\t\t\t\t<div class=\"elementor-widget-container\">\n\t\t\t\t\t<h2 class=\"elementor-heading-title elementor-size-default\">SOSTENIMIENTO<\/h2>\t\t\t\t<\/div>\n\t\t\t\t<\/div>\n\t\t\t\t<div class=\"elementor-element elementor-element-1c7b8214 elementor-widget elementor-widget-text-editor\" data-id=\"1c7b8214\" data-element_type=\"widget\" data-e-type=\"widget\" data-widget_type=\"text-editor.default\">\n\t\t\t\t<div class=\"elementor-widget-container\">\n\t\t\t\t\t\t\t\t\tEl IMEP es una instituci\u00f3n social no lucrativa, por lo tanto ha dise\u00f1ado un sistema autofinanciable, sin lesionar en exceso la econom\u00eda de los profesores &#8211; alumnos.\t\t\t\t\t\t\t\t<\/div>\n\t\t\t\t<\/div>\n\t\t\t\t<div class=\"elementor-element elementor-element-0812a55 elementor-widget elementor-widget-heading\" data-id=\"0812a55\" data-element_type=\"widget\" data-e-type=\"widget\" data-widget_type=\"heading.default\">\n\t\t\t\t<div class=\"elementor-widget-container\">\n\t\t\t\t\t<h2 class=\"elementor-heading-title elementor-size-default\">PERSONALIDAD JUR\u00cdDICA:<\/h2>\t\t\t\t<\/div>\n\t\t\t\t<\/div>\n\t\t\t\t<div class=\"elementor-element elementor-element-6793314 elementor-widget elementor-widget-text-editor\" data-id=\"6793314\" data-element_type=\"widget\" data-e-type=\"widget\" data-widget_type=\"text-editor.default\">\n\t\t\t\t<div class=\"elementor-widget-container\">\n\t\t\t\t\t\t\t\t\t<p>Acta Constitutiva 15542 Notario No. 74, Guadalajara, Jalisco. Registro P\u00fablico de la Propiedad dcto. 30, Libro 151, Secc. Quinta; folios 296 al 307, permiso SRE 14001457, exp. 9514001438, folio 2401.<br \/><span style=\"font-size: 1.15407rem; letter-spacing: 0.9px;\">RFC: IMP 950713988.<\/span><\/p><p><span style=\"font-size: 1.15407rem; letter-spacing: 0.9px;\">Acta Constitutiva 6974, Notar\u00eda No. 25, Guadalajara, Jalisco, Reg. P\u00fab. de la Propiedad dcto. 20, libro 230, secc. quinta; folios 180 al 191. Permiso SRE 14004155, folio 7003.<\/span><\/p><p><span style=\"font-size: 1.15407rem; letter-spacing: 0.9px;\">RFC. IME 981124CBA.<\/span><\/p><p><span style=\"font-size: 1.15407rem; letter-spacing: 0.9px;\">Registro P\u00fablico del Derecho de Autor No. 93710. No. Control 91051\/1996\/1.<br \/><\/span><span style=\"font-size: 1.15407rem; letter-spacing: 0.9px;\">Registro ante la Direcci\u00f3n General de Profesiones SEP.<\/span><\/p><p><span style=\"font-size: 1.15407rem; letter-spacing: 0.9px;\">Reconocimiento en Carrera Magisterial.<\/span><\/p>\t\t\t\t\t\t\t\t<\/div>\n\t\t\t\t<\/div>\n\t\t\t\t\t<\/div>\n\t\t<\/div>\n\t\t\t\t<div class=\"elementor-column elementor-col-33 elementor-top-column elementor-element elementor-element-56d9aca9\" data-id=\"56d9aca9\" data-element_type=\"column\" data-e-type=\"column\">\n\t\t\t<div class=\"elementor-widget-wrap elementor-element-populated\">\n\t\t\t\t\t\t<div class=\"elementor-element elementor-element-84aa361 elementor-icon-list--layout-traditional elementor-list-item-link-full_width elementor-widget elementor-widget-icon-list\" data-id=\"84aa361\" data-element_type=\"widget\" data-e-type=\"widget\" data-widget_type=\"icon-list.default\">\n\t\t\t\t<div class=\"elementor-widget-container\">\n\t\t\t\t\t\t\t<ul class=\"elementor-icon-list-items\">\n\t\t\t\t\t\t\t<li class=\"elementor-icon-list-item\">\n\t\t\t\t\t\t\t\t\t\t\t<a href=\"http:\/\/www.imep.edu.mx\/?page_id=13\">\n\n\t\t\t\t\t\t\t\t\t\t\t<span class=\"elementor-icon-list-text\">\u00bfPORQU\u00c9 NACEL EL IMEP?<\/span>\n\t\t\t\t\t\t\t\t\t\t\t<\/a>\n\t\t\t\t\t\t\t\t\t<\/li>\n\t\t\t\t\t\t\t\t<li class=\"elementor-icon-list-item\">\n\t\t\t\t\t\t\t\t\t\t\t<a href=\"http:\/\/www.imep.edu.mx\/?page_id=52\">\n\n\t\t\t\t\t\t\t\t\t\t\t<span class=\"elementor-icon-list-text\">\u00bfQUI\u00c9NES CONSTITUYEN EL IMEP?<\/span>\n\t\t\t\t\t\t\t\t\t\t\t<\/a>\n\t\t\t\t\t\t\t\t\t<\/li>\n\t\t\t\t\t\t\t\t<li class=\"elementor-icon-list-item\">\n\t\t\t\t\t\t\t\t\t\t\t<a href=\"http:\/\/www.imep.edu.mx\/?page_id=59\">\n\n\t\t\t\t\t\t\t\t\t\t\t<span class=\"elementor-icon-list-text\">COMPROMISO Y RESPONSABILIDAD<\/span>\n\t\t\t\t\t\t\t\t\t\t\t<\/a>\n\t\t\t\t\t\t\t\t\t<\/li>\n\t\t\t\t\t\t\t\t<li class=\"elementor-icon-list-item\">\n\t\t\t\t\t\t\t\t\t\t\t<a href=\"http:\/\/www.imep.edu.mx\/?page_id=63\">\n\n\t\t\t\t\t\t\t\t\t\t\t<span class=\"elementor-icon-list-text\">PROYECTO EDUCATIVO<\/span>\n\t\t\t\t\t\t\t\t\t\t\t<\/a>\n\t\t\t\t\t\t\t\t\t<\/li>\n\t\t\t\t\t\t\t\t<li class=\"elementor-icon-list-item\">\n\t\t\t\t\t\t\t\t\t\t\t<a href=\"http:\/\/www.imep.edu.mx\/?page_id=69\">\n\n\t\t\t\t\t\t\t\t\t\t\t<span class=\"elementor-icon-list-text\">SOSTENIMIENTO<\/span>\n\t\t\t\t\t\t\t\t\t\t\t<\/a>\n\t\t\t\t\t\t\t\t\t<\/li>\n\t\t\t\t\t\t\t\t<li class=\"elementor-icon-list-item\">\n\t\t\t\t\t\t\t\t\t\t\t<a href=\"http:\/\/www.imep.edu.mx\/?page_id=75\">\n\n\t\t\t\t\t\t\t\t\t\t\t<span class=\"elementor-icon-list-text\">PERSONALIDAD ACAD\u00c9MICA<\/span>\n\t\t\t\t\t\t\t\t\t\t\t<\/a>\n\t\t\t\t\t\t\t\t\t<\/li>\n\t\t\t\t\t\t\t\t<li class=\"elementor-icon-list-item\">\n\t\t\t\t\t\t\t\t\t\t\t<a href=\"http:\/\/www.imep.edu.mx\/?page_id=254\">\n\n\t\t\t\t\t\t\t\t\t\t\t<span class=\"elementor-icon-list-text\">CONTACTO<\/span>\n\t\t\t\t\t\t\t\t\t\t\t<\/a>\n\t\t\t\t\t\t\t\t\t<\/li>\n\t\t\t\t\t\t<\/ul>\n\t\t\t\t\t\t<\/div>\n\t\t\t\t<\/div>\n\t\t\t\t\t<\/div>\n\t\t<\/div>\n\t\t\t\t\t<\/div>\n\t\t<\/section>\n\t\t\t\t<\/div>\n\t\t","protected":false},"excerpt":{"rendered":"<p>SOSTENIMIENTO El IMEP es una instituci\u00f3n social no lucrativa, por lo tanto ha dise\u00f1ado un sistema autofinanciable, sin lesionar en exceso la econom\u00eda de los profesores &#8211; alumnos. PERSONALIDAD JUR\u00cdDICA: Acta Constitutiva 15542 Notario No. 74, Guadalajara, Jalisco. Registro P\u00fablico de la Propiedad dcto. 30, Libro 151, Secc. Quinta; folios 296 al 307, permiso SRE [&hellip;]<\/p>\n","protected":false},"author":1,"featured_media":0,"parent":0,"menu_order":0,"comment_status":"closed","ping_status":"closed","template":"elementor_header_footer","meta":{"_acf_changed":false,"footnotes":""},"class_list":["post-69","page","type-page","status-publish","hentry"],"acf":[],"_links":{"self":[{"href":"https:\/\/www.imep.edu.mx\/index.php?rest_route=\/wp\/v2\/pages\/69","targetHints":{"allow":["GET"]}}],"collection":[{"href":"https:\/\/www.imep.edu.mx\/index.php?rest_route=\/wp\/v2\/pages"}],"about":[{"href":"https:\/\/www.imep.edu.mx\/index.php?rest_route=\/wp\/v2\/types\/page"}],"author":[{"embeddable":true,"href":"https:\/\/www.imep.edu.mx\/index.php?rest_route=\/wp\/v2\/users\/1"}],"replies":[{"embeddable":true,"href":"https:\/\/www.imep.edu.mx\/index.php?rest_route=%2Fwp%2Fv2%2Fcomments&post=69"}],"version-history":[{"count":7,"href":"https:\/\/www.imep.edu.mx\/index.php?rest_route=\/wp\/v2\/pages\/69\/revisions"}],"predecessor-version":[{"id":356,"href":"https:\/\/www.imep.edu.mx\/index.php?rest_route=\/wp\/v2\/pages\/69\/revisions\/356"}],"wp:attachment":[{"href":"https:\/\/www.imep.edu.mx\/index.php?rest_route=%2Fwp%2Fv2%2Fmedia&parent=69"}],"curies":[{"name":"wp","href":"https:\/\/api.w.org\/{rel}","templated":true}]}}