{"id":63,"date":"2019-05-11T00:55:40","date_gmt":"2019-05-10T22:55:40","guid":{"rendered":"http:\/\/www.imep.edu.mx\/?page_id=63"},"modified":"2019-05-29T01:58:57","modified_gmt":"2019-05-28T23:58:57","slug":"proyecto-educativo","status":"publish","type":"page","link":"https:\/\/www.imep.edu.mx\/?page_id=63","title":{"rendered":"Proyecto Educativo"},"content":{"rendered":"\t\t<div data-elementor-type=\"wp-post\" data-elementor-id=\"63\" class=\"elementor elementor-63\">\n\t\t\t\t\t\t<section class=\"elementor-section elementor-top-section elementor-element elementor-element-71560007 elementor-section-stretched elementor-section-boxed elementor-section-height-default elementor-section-height-default\" data-id=\"71560007\" data-element_type=\"section\" data-e-type=\"section\" data-settings=\"{&quot;stretch_section&quot;:&quot;section-stretched&quot;}\">\n\t\t\t\t\t\t<div class=\"elementor-container elementor-column-gap-default\">\n\t\t\t\t\t<div class=\"elementor-column elementor-col-66 elementor-top-column elementor-element elementor-element-2afa1dce\" data-id=\"2afa1dce\" data-element_type=\"column\" data-e-type=\"column\">\n\t\t\t<div class=\"elementor-widget-wrap elementor-element-populated\">\n\t\t\t\t\t\t<div class=\"elementor-element elementor-element-5c1546d6 elementor-widget elementor-widget-image\" data-id=\"5c1546d6\" data-element_type=\"widget\" data-e-type=\"widget\" data-widget_type=\"image.default\">\n\t\t\t\t<div class=\"elementor-widget-container\">\n\t\t\t\t\t\t\t\t\t\t\t\t\t\t\t<img fetchpriority=\"high\" decoding=\"async\" width=\"1024\" height=\"259\" src=\"https:\/\/www.imep.edu.mx\/wp-content\/uploads\/2019\/05\/banner-nosotros-1024x259.jpg\" class=\"attachment-large size-large wp-image-46\" alt=\"\" srcset=\"https:\/\/www.imep.edu.mx\/wp-content\/uploads\/2019\/05\/banner-nosotros-1024x259.jpg 1024w, https:\/\/www.imep.edu.mx\/wp-content\/uploads\/2019\/05\/banner-nosotros-300x76.jpg 300w, https:\/\/www.imep.edu.mx\/wp-content\/uploads\/2019\/05\/banner-nosotros-768x194.jpg 768w\" sizes=\"(max-width: 1024px) 100vw, 1024px\" \/>\t\t\t\t\t\t\t\t\t\t\t\t\t\t\t<\/div>\n\t\t\t\t<\/div>\n\t\t\t\t<div class=\"elementor-element elementor-element-6bad9c40 elementor-widget elementor-widget-heading\" data-id=\"6bad9c40\" data-element_type=\"widget\" data-e-type=\"widget\" data-widget_type=\"heading.default\">\n\t\t\t\t<div class=\"elementor-widget-container\">\n\t\t\t\t\t<h2 class=\"elementor-heading-title elementor-size-default\">PROYECTO EDUCATIVO<\/h2>\t\t\t\t<\/div>\n\t\t\t\t<\/div>\n\t\t\t\t<div class=\"elementor-element elementor-element-3228e387 elementor-widget elementor-widget-text-editor\" data-id=\"3228e387\" data-element_type=\"widget\" data-e-type=\"widget\" data-widget_type=\"text-editor.default\">\n\t\t\t\t<div class=\"elementor-widget-container\">\n\t\t\t\t\t\t\t\t\tEl IMEP desarrolla actualmente sus actividades acad\u00e9micas en dos sentidos: uno es hacia el interior de su esencia en el que se encuentra la superaci\u00f3n y actualizaci\u00f3n cient\u00edfico acad\u00e9mica de sus miembros, realizaci\u00f3n de investigaci\u00f3n cient\u00edfica y pedag\u00f3gica, preparaci\u00f3n de obras bibliogr\u00e1ficas, dise\u00f1o y construcci\u00f3n de software educativo y recursos audiovisuales para la ense\u00f1anza. En la otra direcci\u00f3n se encuentran los v\u00ednculos con el exterior: estatal, nacional e internacional; los convenios de colaboraci\u00f3n e intercambio cient\u00edfico y acad\u00e9mico van paulatinamente consolid\u00e1ndose, creciendo y expandi\u00e9ndose. Costa Rica, Rusia, Chile, Suecia, Aruba, Estados Unidos, Cuba, ya tienen relaci\u00f3n con nuestro Instituto. En Baja California Sur, Zacatecas, Tamaulipas, Nayarit, Quintana Roo, Nuevo Le\u00f3n y Estado de M\u00e9xico, ya cuentan con representantes miembros del IMEP.\t\t\t\t\t\t\t\t<\/div>\n\t\t\t\t<\/div>\n\t\t\t\t\t<\/div>\n\t\t<\/div>\n\t\t\t\t<div class=\"elementor-column elementor-col-33 elementor-top-column elementor-element elementor-element-6dc1e498\" data-id=\"6dc1e498\" data-element_type=\"column\" data-e-type=\"column\">\n\t\t\t<div class=\"elementor-widget-wrap elementor-element-populated\">\n\t\t\t\t\t\t<div class=\"elementor-element elementor-element-a0888b3 elementor-icon-list--layout-traditional elementor-list-item-link-full_width elementor-widget elementor-widget-icon-list\" data-id=\"a0888b3\" data-element_type=\"widget\" data-e-type=\"widget\" data-widget_type=\"icon-list.default\">\n\t\t\t\t<div class=\"elementor-widget-container\">\n\t\t\t\t\t\t\t<ul class=\"elementor-icon-list-items\">\n\t\t\t\t\t\t\t<li class=\"elementor-icon-list-item\">\n\t\t\t\t\t\t\t\t\t\t\t<a href=\"http:\/\/www.imep.edu.mx\/?page_id=13\">\n\n\t\t\t\t\t\t\t\t\t\t\t<span class=\"elementor-icon-list-text\">\u00bfPORQU\u00c9 NACEL EL IMEP?<\/span>\n\t\t\t\t\t\t\t\t\t\t\t<\/a>\n\t\t\t\t\t\t\t\t\t<\/li>\n\t\t\t\t\t\t\t\t<li class=\"elementor-icon-list-item\">\n\t\t\t\t\t\t\t\t\t\t\t<a href=\"http:\/\/www.imep.edu.mx\/?page_id=52\">\n\n\t\t\t\t\t\t\t\t\t\t\t<span class=\"elementor-icon-list-text\">\u00bfQUI\u00c9NES CONSTITUYEN EL IMEP?<\/span>\n\t\t\t\t\t\t\t\t\t\t\t<\/a>\n\t\t\t\t\t\t\t\t\t<\/li>\n\t\t\t\t\t\t\t\t<li class=\"elementor-icon-list-item\">\n\t\t\t\t\t\t\t\t\t\t\t<a href=\"http:\/\/www.imep.edu.mx\/?page_id=59\">\n\n\t\t\t\t\t\t\t\t\t\t\t<span class=\"elementor-icon-list-text\">COMPROMISO Y RESPONSABILIDAD<\/span>\n\t\t\t\t\t\t\t\t\t\t\t<\/a>\n\t\t\t\t\t\t\t\t\t<\/li>\n\t\t\t\t\t\t\t\t<li class=\"elementor-icon-list-item\">\n\t\t\t\t\t\t\t\t\t\t\t<a href=\"http:\/\/www.imep.edu.mx\/?page_id=63\">\n\n\t\t\t\t\t\t\t\t\t\t\t<span class=\"elementor-icon-list-text\">PROYECTO EDUCATIVO<\/span>\n\t\t\t\t\t\t\t\t\t\t\t<\/a>\n\t\t\t\t\t\t\t\t\t<\/li>\n\t\t\t\t\t\t\t\t<li class=\"elementor-icon-list-item\">\n\t\t\t\t\t\t\t\t\t\t\t<a href=\"http:\/\/www.imep.edu.mx\/?page_id=69\">\n\n\t\t\t\t\t\t\t\t\t\t\t<span class=\"elementor-icon-list-text\">SOSTENIMIENTO<\/span>\n\t\t\t\t\t\t\t\t\t\t\t<\/a>\n\t\t\t\t\t\t\t\t\t<\/li>\n\t\t\t\t\t\t\t\t<li class=\"elementor-icon-list-item\">\n\t\t\t\t\t\t\t\t\t\t\t<a href=\"http:\/\/www.imep.edu.mx\/?page_id=75\">\n\n\t\t\t\t\t\t\t\t\t\t\t<span class=\"elementor-icon-list-text\">PERSONALIDAD ACAD\u00c9MICA<\/span>\n\t\t\t\t\t\t\t\t\t\t\t<\/a>\n\t\t\t\t\t\t\t\t\t<\/li>\n\t\t\t\t\t\t\t\t<li class=\"elementor-icon-list-item\">\n\t\t\t\t\t\t\t\t\t\t\t<a href=\"http:\/\/www.imep.edu.mx\/?page_id=254\">\n\n\t\t\t\t\t\t\t\t\t\t\t<span class=\"elementor-icon-list-text\">CONTACTO<\/span>\n\t\t\t\t\t\t\t\t\t\t\t<\/a>\n\t\t\t\t\t\t\t\t\t<\/li>\n\t\t\t\t\t\t<\/ul>\n\t\t\t\t\t\t<\/div>\n\t\t\t\t<\/div>\n\t\t\t\t\t<\/div>\n\t\t<\/div>\n\t\t\t\t\t<\/div>\n\t\t<\/section>\n\t\t\t\t<\/div>\n\t\t","protected":false},"excerpt":{"rendered":"<p>PROYECTO EDUCATIVO El IMEP desarrolla actualmente sus actividades acad\u00e9micas en dos sentidos: uno es hacia el interior de su esencia en el que se encuentra la superaci\u00f3n y actualizaci\u00f3n cient\u00edfico acad\u00e9mica de sus miembros, realizaci\u00f3n de investigaci\u00f3n cient\u00edfica y pedag\u00f3gica, preparaci\u00f3n de obras bibliogr\u00e1ficas, dise\u00f1o y construcci\u00f3n de software educativo y recursos audiovisuales para la [&hellip;]<\/p>\n","protected":false},"author":1,"featured_media":0,"parent":0,"menu_order":0,"comment_status":"closed","ping_status":"closed","template":"elementor_header_footer","meta":{"_acf_changed":false,"footnotes":""},"class_list":["post-63","page","type-page","status-publish","hentry"],"acf":[],"_links":{"self":[{"href":"https:\/\/www.imep.edu.mx\/index.php?rest_route=\/wp\/v2\/pages\/63","targetHints":{"allow":["GET"]}}],"collection":[{"href":"https:\/\/www.imep.edu.mx\/index.php?rest_route=\/wp\/v2\/pages"}],"about":[{"href":"https:\/\/www.imep.edu.mx\/index.php?rest_route=\/wp\/v2\/types\/page"}],"author":[{"embeddable":true,"href":"https:\/\/www.imep.edu.mx\/index.php?rest_route=\/wp\/v2\/users\/1"}],"replies":[{"embeddable":true,"href":"https:\/\/www.imep.edu.mx\/index.php?rest_route=%2Fwp%2Fv2%2Fcomments&post=63"}],"version-history":[{"count":5,"href":"https:\/\/www.imep.edu.mx\/index.php?rest_route=\/wp\/v2\/pages\/63\/revisions"}],"predecessor-version":[{"id":353,"href":"https:\/\/www.imep.edu.mx\/index.php?rest_route=\/wp\/v2\/pages\/63\/revisions\/353"}],"wp:attachment":[{"href":"https:\/\/www.imep.edu.mx\/index.php?rest_route=%2Fwp%2Fv2%2Fmedia&parent=63"}],"curies":[{"name":"wp","href":"https:\/\/api.w.org\/{rel}","templated":true}]}}