{"id":248,"date":"2019-05-16T21:16:23","date_gmt":"2019-05-16T19:16:23","guid":{"rendered":"http:\/\/www.imep.edu.mx\/?page_id=248"},"modified":"2019-05-31T22:51:54","modified_gmt":"2019-05-31T20:51:54","slug":"nuestra-filosofia","status":"publish","type":"page","link":"https:\/\/www.imep.edu.mx\/?page_id=248","title":{"rendered":"Nuestra filosof\u00eda"},"content":{"rendered":"\t\t<div data-elementor-type=\"wp-post\" data-elementor-id=\"248\" class=\"elementor elementor-248\">\n\t\t\t\t\t\t<section class=\"elementor-section elementor-top-section elementor-element elementor-element-5fa149a4 elementor-section-stretched elementor-section-boxed elementor-section-height-default elementor-section-height-default\" data-id=\"5fa149a4\" data-element_type=\"section\" data-e-type=\"section\" data-settings=\"{&quot;stretch_section&quot;:&quot;section-stretched&quot;}\">\n\t\t\t\t\t\t<div class=\"elementor-container elementor-column-gap-default\">\n\t\t\t\t\t<div class=\"elementor-column elementor-col-66 elementor-top-column elementor-element elementor-element-36d7b3dd\" data-id=\"36d7b3dd\" data-element_type=\"column\" data-e-type=\"column\">\n\t\t\t<div class=\"elementor-widget-wrap elementor-element-populated\">\n\t\t\t\t\t\t<div class=\"elementor-element elementor-element-7d4bc9d1 elementor-widget elementor-widget-image\" data-id=\"7d4bc9d1\" data-element_type=\"widget\" data-e-type=\"widget\" data-widget_type=\"image.default\">\n\t\t\t\t<div class=\"elementor-widget-container\">\n\t\t\t\t\t\t\t\t\t\t\t\t\t\t\t<img fetchpriority=\"high\" decoding=\"async\" width=\"1024\" height=\"261\" src=\"https:\/\/www.imep.edu.mx\/wp-content\/uploads\/2019\/05\/banner-somos-1024x261.jpg\" class=\"attachment-large size-large wp-image-223\" alt=\"\" srcset=\"https:\/\/www.imep.edu.mx\/wp-content\/uploads\/2019\/05\/banner-somos-1024x261.jpg 1024w, https:\/\/www.imep.edu.mx\/wp-content\/uploads\/2019\/05\/banner-somos-300x77.jpg 300w, https:\/\/www.imep.edu.mx\/wp-content\/uploads\/2019\/05\/banner-somos-768x196.jpg 768w\" sizes=\"(max-width: 1024px) 100vw, 1024px\" \/>\t\t\t\t\t\t\t\t\t\t\t\t\t\t\t<\/div>\n\t\t\t\t<\/div>\n\t\t\t\t<div class=\"elementor-element elementor-element-24e445d elementor-widget elementor-widget-heading\" data-id=\"24e445d\" data-element_type=\"widget\" data-e-type=\"widget\" data-widget_type=\"heading.default\">\n\t\t\t\t<div class=\"elementor-widget-container\">\n\t\t\t\t\t<h2 class=\"elementor-heading-title elementor-size-default\">NUESTRA FILOSOF\u00cdA<\/h2>\t\t\t\t<\/div>\n\t\t\t\t<\/div>\n\t\t\t\t<div class=\"elementor-element elementor-element-688c50b3 elementor-widget elementor-widget-text-editor\" data-id=\"688c50b3\" data-element_type=\"widget\" data-e-type=\"widget\" data-widget_type=\"text-editor.default\">\n\t\t\t\t<div class=\"elementor-widget-container\">\n\t\t\t\t\t\t\t\t\t<p>Ser una Instituci\u00f3n de postgrado plural, incluyente, vanguardista, innovadora con alto contenido humanista de excelencia educativa, que posibilite los desarrollos de los grupos sociales acorde a los cambios y transformaciones del nuevo milenio; en cuya m\u00edstica y principios descansan los valores de convivencia, de la ciencia, el uso de la tecnolog\u00eda y la comunicaci\u00f3n, entendidos como medios de perfeccionamiento humano.<\/p>\t\t\t\t\t\t\t\t<\/div>\n\t\t\t\t<\/div>\n\t\t\t\t\t<\/div>\n\t\t<\/div>\n\t\t\t\t<div class=\"elementor-column elementor-col-33 elementor-top-column elementor-element elementor-element-24a110eb\" data-id=\"24a110eb\" data-element_type=\"column\" data-e-type=\"column\">\n\t\t\t<div class=\"elementor-widget-wrap elementor-element-populated\">\n\t\t\t\t\t\t<div class=\"elementor-element elementor-element-a4b8339 elementor-widget elementor-widget-text-editor\" data-id=\"a4b8339\" data-element_type=\"widget\" data-e-type=\"widget\" data-widget_type=\"text-editor.default\">\n\t\t\t\t<div class=\"elementor-widget-container\">\n\t\t\t\t\t\t\t\t\t<a href=\"http:\/\/www.imep.edu.mx\/?page_id=221\"><span style=\"font-size: 1.17rem; font-family: 'Source Sans Pro', arial, helvetica, sans-serif;\">\u00bfQUI\u00c9NES SOMOS?<\/span><\/a>\n\n<hr style=\"margin: 3rem 0 3rem 0;\" \/>\n\n<a href=\"http:\/\/www.imep.edu.mx\/?page_id=230\"><span style=\"font-size: 1.17rem; font-family: 'Source Sans Pro', arial, helvetica, sans-serif;\">MISI\u00d3N VISI\u00d3N<\/span><\/a>\n\n<hr style=\"margin: 3rem 0 3rem 0;\" \/>\n\n<a href=\"http:\/\/www.imep.edu.mx\/?page_id=11\"><span style=\"font-size: 1.17rem; font-family: 'Source Sans Pro', arial, helvetica, sans-serif;\">OFERTA EDUCATIVA<\/span><\/a>\n\n<hr style=\"margin: 3rem 0 3rem 0;\" \/>\n\n<a href=\"http:\/\/www.imep.edu.mx\/?page_id=213\"><span style=\"font-size: 1.17rem; font-family: 'Source Sans Pro', arial, helvetica, sans-serif;\">NUESTROS FINES INSTITUCIONALES<\/span><\/a>\n\n<hr style=\"margin: 3rem 0 3rem 0;\" \/>\n\n<a href=\"http:\/\/www.imep.edu.mx\/?page_id=248\"><span style=\"font-size: 1.17rem; font-family: 'Source Sans Pro', arial, helvetica, sans-serif;\">NUESTRA FILOSOF\u00cdA<\/span><\/a>\t\t\t\t\t\t\t\t<\/div>\n\t\t\t\t<\/div>\n\t\t\t\t\t<\/div>\n\t\t<\/div>\n\t\t\t\t\t<\/div>\n\t\t<\/section>\n\t\t\t\t<\/div>\n\t\t","protected":false},"excerpt":{"rendered":"<p>NUESTRA FILOSOF\u00cdA Ser una Instituci\u00f3n de postgrado plural, incluyente, vanguardista, innovadora con alto contenido humanista de excelencia educativa, que posibilite los desarrollos de los grupos sociales acorde a los cambios y transformaciones del nuevo milenio; en cuya m\u00edstica y principios descansan los valores de convivencia, de la ciencia, el uso de la tecnolog\u00eda y la [&hellip;]<\/p>\n","protected":false},"author":1,"featured_media":0,"parent":0,"menu_order":0,"comment_status":"closed","ping_status":"closed","template":"elementor_header_footer","meta":{"_acf_changed":false,"footnotes":""},"class_list":["post-248","page","type-page","status-publish","hentry"],"acf":[],"_links":{"self":[{"href":"https:\/\/www.imep.edu.mx\/index.php?rest_route=\/wp\/v2\/pages\/248","targetHints":{"allow":["GET"]}}],"collection":[{"href":"https:\/\/www.imep.edu.mx\/index.php?rest_route=\/wp\/v2\/pages"}],"about":[{"href":"https:\/\/www.imep.edu.mx\/index.php?rest_route=\/wp\/v2\/types\/page"}],"author":[{"embeddable":true,"href":"https:\/\/www.imep.edu.mx\/index.php?rest_route=\/wp\/v2\/users\/1"}],"replies":[{"embeddable":true,"href":"https:\/\/www.imep.edu.mx\/index.php?rest_route=%2Fwp%2Fv2%2Fcomments&post=248"}],"version-history":[{"count":5,"href":"https:\/\/www.imep.edu.mx\/index.php?rest_route=\/wp\/v2\/pages\/248\/revisions"}],"predecessor-version":[{"id":411,"href":"https:\/\/www.imep.edu.mx\/index.php?rest_route=\/wp\/v2\/pages\/248\/revisions\/411"}],"wp:attachment":[{"href":"https:\/\/www.imep.edu.mx\/index.php?rest_route=%2Fwp%2Fv2%2Fmedia&parent=248"}],"curies":[{"name":"wp","href":"https:\/\/api.w.org\/{rel}","templated":true}]}}