{"id":221,"date":"2019-05-16T20:53:35","date_gmt":"2019-05-16T18:53:35","guid":{"rendered":"http:\/\/www.imep.edu.mx\/?page_id=221"},"modified":"2019-05-29T01:31:55","modified_gmt":"2019-05-28T23:31:55","slug":"quienes-somos","status":"publish","type":"page","link":"https:\/\/www.imep.edu.mx\/?page_id=221","title":{"rendered":"\u00bfQui\u00e9nes somos?"},"content":{"rendered":"\t\t<div data-elementor-type=\"wp-post\" data-elementor-id=\"221\" class=\"elementor elementor-221\">\n\t\t\t\t\t\t<section class=\"elementor-section elementor-top-section elementor-element elementor-element-4bc7781a elementor-section-stretched elementor-section-boxed elementor-section-height-default elementor-section-height-default\" data-id=\"4bc7781a\" data-element_type=\"section\" data-e-type=\"section\" data-settings=\"{&quot;stretch_section&quot;:&quot;section-stretched&quot;}\">\n\t\t\t\t\t\t<div class=\"elementor-container elementor-column-gap-default\">\n\t\t\t\t\t<div class=\"elementor-column elementor-col-66 elementor-top-column elementor-element elementor-element-36e0b0f6\" data-id=\"36e0b0f6\" data-element_type=\"column\" data-e-type=\"column\">\n\t\t\t<div class=\"elementor-widget-wrap elementor-element-populated\">\n\t\t\t\t\t\t<div class=\"elementor-element elementor-element-14c23a94 elementor-widget elementor-widget-image\" data-id=\"14c23a94\" data-element_type=\"widget\" data-e-type=\"widget\" data-widget_type=\"image.default\">\n\t\t\t\t<div class=\"elementor-widget-container\">\n\t\t\t\t\t\t\t\t\t\t\t\t\t\t\t<img fetchpriority=\"high\" decoding=\"async\" width=\"1024\" height=\"261\" src=\"https:\/\/www.imep.edu.mx\/wp-content\/uploads\/2019\/05\/banner-somos-1024x261.jpg\" class=\"attachment-large size-large wp-image-223\" alt=\"\" srcset=\"https:\/\/www.imep.edu.mx\/wp-content\/uploads\/2019\/05\/banner-somos-1024x261.jpg 1024w, https:\/\/www.imep.edu.mx\/wp-content\/uploads\/2019\/05\/banner-somos-300x77.jpg 300w, https:\/\/www.imep.edu.mx\/wp-content\/uploads\/2019\/05\/banner-somos-768x196.jpg 768w\" sizes=\"(max-width: 1024px) 100vw, 1024px\" \/>\t\t\t\t\t\t\t\t\t\t\t\t\t\t\t<\/div>\n\t\t\t\t<\/div>\n\t\t\t\t<div class=\"elementor-element elementor-element-2d07c909 elementor-widget elementor-widget-heading\" data-id=\"2d07c909\" data-element_type=\"widget\" data-e-type=\"widget\" data-widget_type=\"heading.default\">\n\t\t\t\t<div class=\"elementor-widget-container\">\n\t\t\t\t\t<h2 class=\"elementor-heading-title elementor-size-default\">POSTGRADO PEDAG\u00d3GICO PARA LA CALIDAD TOTAL DE LA PR\u00c1XIS EDUCATIVA\n<\/h2>\t\t\t\t<\/div>\n\t\t\t\t<\/div>\n\t\t\t\t<div class=\"elementor-element elementor-element-750b72ba elementor-widget elementor-widget-text-editor\" data-id=\"750b72ba\" data-element_type=\"widget\" data-e-type=\"widget\" data-widget_type=\"text-editor.default\">\n\t\t\t\t<div class=\"elementor-widget-container\">\n\t\t\t\t\t\t\t\t\t<p>Concebimos a la educaci\u00f3n y sus problemas desde una perspectiva diferente a las modas te\u00f3ricas convencionales. En ella acu\u00f1amos la construcci\u00f3n de la \u00abPedagog\u00eda de Metafrontera\u00bb cuyo fundamento es la Pedagog\u00eda Dial\u00e9ctica como la Metodolog\u00eda para el estudio y propuestas de soluci\u00f3n de los problemas educativos.<\/p>\t\t\t\t\t\t\t\t<\/div>\n\t\t\t\t<\/div>\n\t\t\t\t<div class=\"elementor-element elementor-element-00f8e50 elementor-widget elementor-widget-heading\" data-id=\"00f8e50\" data-element_type=\"widget\" data-e-type=\"widget\" data-widget_type=\"heading.default\">\n\t\t\t\t<div class=\"elementor-widget-container\">\n\t\t\t\t\t<h2 class=\"elementor-heading-title elementor-size-default\">\u00bfQUI\u00c9NES SOMOS?<\/h2>\t\t\t\t<\/div>\n\t\t\t\t<\/div>\n\t\t\t\t<div class=\"elementor-element elementor-element-1242968 elementor-widget elementor-widget-text-editor\" data-id=\"1242968\" data-element_type=\"widget\" data-e-type=\"widget\" data-widget_type=\"text-editor.default\">\n\t\t\t\t<div class=\"elementor-widget-container\">\n\t\t\t\t\t\t\t\t\t<p>El Instituto Mexicano de Estudios Pedag\u00f3gicos es una Instituci\u00f3n Nacional vinculada al firme prop\u00f3sito de conquistar la excelencia acad\u00e9mica. El IMEP se concibe como Instituci\u00f3n Acad\u00e9mica que busca el mejoramiento de la calidad de la educaci\u00f3n en M\u00e9xico mediante la selecci\u00f3n, integraci\u00f3n, organizaci\u00f3n y coordinaci\u00f3n de profesores y personal de apoyo necesario para participar en programas, proyectos, seminarios, foros, cursos, debates y cualquier otro evento de tipo acad\u00e9mico de planeaci\u00f3n, de capacitaci\u00f3n y superaci\u00f3n profesional, principalmente se enfoca a la actualizaci\u00f3n y profesionalizaci\u00f3n de docentes mediante su \u00abSistema de Postgrado Pedag\u00f3gico para la Calidad Total de la Pr\u00e1xis Educativa\u00bb.<\/p>\t\t\t\t\t\t\t\t<\/div>\n\t\t\t\t<\/div>\n\t\t\t\t\t<\/div>\n\t\t<\/div>\n\t\t\t\t<div class=\"elementor-column elementor-col-33 elementor-top-column elementor-element elementor-element-4bc0dfe1\" data-id=\"4bc0dfe1\" data-element_type=\"column\" data-e-type=\"column\">\n\t\t\t<div class=\"elementor-widget-wrap elementor-element-populated\">\n\t\t\t\t\t\t<div class=\"elementor-element elementor-element-7e68f592 elementor-icon-list--layout-traditional elementor-list-item-link-full_width elementor-widget elementor-widget-icon-list\" data-id=\"7e68f592\" data-element_type=\"widget\" data-e-type=\"widget\" data-widget_type=\"icon-list.default\">\n\t\t\t\t<div class=\"elementor-widget-container\">\n\t\t\t\t\t\t\t<ul class=\"elementor-icon-list-items\">\n\t\t\t\t\t\t\t<li class=\"elementor-icon-list-item\">\n\t\t\t\t\t\t\t\t\t\t\t<a href=\"http:\/\/www.imep.edu.mx\/?page_id=221\">\n\n\t\t\t\t\t\t\t\t\t\t\t<span class=\"elementor-icon-list-text\">\u00bfQUI\u00c9NES SOMOS?<\/span>\n\t\t\t\t\t\t\t\t\t\t\t<\/a>\n\t\t\t\t\t\t\t\t\t<\/li>\n\t\t\t\t\t\t\t\t<li class=\"elementor-icon-list-item\">\n\t\t\t\t\t\t\t\t\t\t\t<a href=\"http:\/\/www.imep.edu.mx\/?page_id=230\">\n\n\t\t\t\t\t\t\t\t\t\t\t<span class=\"elementor-icon-list-text\">MISI\u00d3N Y VISION<\/span>\n\t\t\t\t\t\t\t\t\t\t\t<\/a>\n\t\t\t\t\t\t\t\t\t<\/li>\n\t\t\t\t\t\t\t\t<li class=\"elementor-icon-list-item\">\n\t\t\t\t\t\t\t\t\t\t\t<a href=\"http:\/\/www.imep.edu.mx\/?page_id=11\">\n\n\t\t\t\t\t\t\t\t\t\t\t<span class=\"elementor-icon-list-text\">OFERTA EDUCATIVA<\/span>\n\t\t\t\t\t\t\t\t\t\t\t<\/a>\n\t\t\t\t\t\t\t\t\t<\/li>\n\t\t\t\t\t\t\t\t<li class=\"elementor-icon-list-item\">\n\t\t\t\t\t\t\t\t\t\t\t<a href=\"http:\/\/www.imep.edu.mx\/?page_id=213\">\n\n\t\t\t\t\t\t\t\t\t\t\t<span class=\"elementor-icon-list-text\">NUESTROS FINES INSTITUCIONALES<\/span>\n\t\t\t\t\t\t\t\t\t\t\t<\/a>\n\t\t\t\t\t\t\t\t\t<\/li>\n\t\t\t\t\t\t\t\t<li class=\"elementor-icon-list-item\">\n\t\t\t\t\t\t\t\t\t\t\t<a href=\"http:\/\/www.imep.edu.mx\/?page_id=248\">\n\n\t\t\t\t\t\t\t\t\t\t\t<span class=\"elementor-icon-list-text\">NUESTRA FILOSOF\u00cdA<\/span>\n\t\t\t\t\t\t\t\t\t\t\t<\/a>\n\t\t\t\t\t\t\t\t\t<\/li>\n\t\t\t\t\t\t<\/ul>\n\t\t\t\t\t\t<\/div>\n\t\t\t\t<\/div>\n\t\t\t\t\t<\/div>\n\t\t<\/div>\n\t\t\t\t\t<\/div>\n\t\t<\/section>\n\t\t\t\t<\/div>\n\t\t","protected":false},"excerpt":{"rendered":"<p>POSTGRADO PEDAG\u00d3GICO PARA LA CALIDAD TOTAL DE LA PR\u00c1XIS EDUCATIVA Concebimos a la educaci\u00f3n y sus problemas desde una perspectiva diferente a las modas te\u00f3ricas convencionales. En ella acu\u00f1amos la construcci\u00f3n de la \u00abPedagog\u00eda de Metafrontera\u00bb cuyo fundamento es la Pedagog\u00eda Dial\u00e9ctica como la Metodolog\u00eda para el estudio y propuestas de soluci\u00f3n de los problemas [&hellip;]<\/p>\n","protected":false},"author":1,"featured_media":0,"parent":0,"menu_order":0,"comment_status":"closed","ping_status":"closed","template":"elementor_header_footer","meta":{"_acf_changed":false,"footnotes":""},"class_list":["post-221","page","type-page","status-publish","hentry"],"acf":[],"_links":{"self":[{"href":"https:\/\/www.imep.edu.mx\/index.php?rest_route=\/wp\/v2\/pages\/221","targetHints":{"allow":["GET"]}}],"collection":[{"href":"https:\/\/www.imep.edu.mx\/index.php?rest_route=\/wp\/v2\/pages"}],"about":[{"href":"https:\/\/www.imep.edu.mx\/index.php?rest_route=\/wp\/v2\/types\/page"}],"author":[{"embeddable":true,"href":"https:\/\/www.imep.edu.mx\/index.php?rest_route=\/wp\/v2\/users\/1"}],"replies":[{"embeddable":true,"href":"https:\/\/www.imep.edu.mx\/index.php?rest_route=%2Fwp%2Fv2%2Fcomments&post=221"}],"version-history":[{"count":4,"href":"https:\/\/www.imep.edu.mx\/index.php?rest_route=\/wp\/v2\/pages\/221\/revisions"}],"predecessor-version":[{"id":326,"href":"https:\/\/www.imep.edu.mx\/index.php?rest_route=\/wp\/v2\/pages\/221\/revisions\/326"}],"wp:attachment":[{"href":"https:\/\/www.imep.edu.mx\/index.php?rest_route=%2Fwp%2Fv2%2Fmedia&parent=221"}],"curies":[{"name":"wp","href":"https:\/\/api.w.org\/{rel}","templated":true}]}}