{"id":213,"date":"2019-05-16T21:15:01","date_gmt":"2019-05-16T19:15:01","guid":{"rendered":"http:\/\/www.imep.edu.mx\/?page_id=213"},"modified":"2019-05-31T22:52:30","modified_gmt":"2019-05-31T20:52:30","slug":"fines-institucionales","status":"publish","type":"page","link":"https:\/\/www.imep.edu.mx\/?page_id=213","title":{"rendered":"Fines institucionales"},"content":{"rendered":"\t\t<div data-elementor-type=\"wp-post\" data-elementor-id=\"213\" class=\"elementor elementor-213\">\n\t\t\t\t\t\t<section class=\"elementor-section elementor-top-section elementor-element elementor-element-33f05ac0 elementor-section-stretched elementor-section-boxed elementor-section-height-default elementor-section-height-default\" data-id=\"33f05ac0\" data-element_type=\"section\" data-e-type=\"section\" data-settings=\"{&quot;stretch_section&quot;:&quot;section-stretched&quot;}\">\n\t\t\t\t\t\t<div class=\"elementor-container elementor-column-gap-default\">\n\t\t\t\t\t<div class=\"elementor-column elementor-col-66 elementor-top-column elementor-element elementor-element-355299f3\" data-id=\"355299f3\" data-element_type=\"column\" data-e-type=\"column\">\n\t\t\t<div class=\"elementor-widget-wrap elementor-element-populated\">\n\t\t\t\t\t\t<div class=\"elementor-element elementor-element-7e8e7367 elementor-widget elementor-widget-image\" data-id=\"7e8e7367\" data-element_type=\"widget\" data-e-type=\"widget\" data-widget_type=\"image.default\">\n\t\t\t\t<div class=\"elementor-widget-container\">\n\t\t\t\t\t\t\t\t\t\t\t\t\t\t\t<img fetchpriority=\"high\" decoding=\"async\" width=\"1024\" height=\"261\" src=\"https:\/\/www.imep.edu.mx\/wp-content\/uploads\/2019\/05\/banner-somos-1024x261.jpg\" class=\"attachment-large size-large wp-image-223\" alt=\"\" srcset=\"https:\/\/www.imep.edu.mx\/wp-content\/uploads\/2019\/05\/banner-somos-1024x261.jpg 1024w, https:\/\/www.imep.edu.mx\/wp-content\/uploads\/2019\/05\/banner-somos-300x77.jpg 300w, https:\/\/www.imep.edu.mx\/wp-content\/uploads\/2019\/05\/banner-somos-768x196.jpg 768w\" sizes=\"(max-width: 1024px) 100vw, 1024px\" \/>\t\t\t\t\t\t\t\t\t\t\t\t\t\t\t<\/div>\n\t\t\t\t<\/div>\n\t\t\t\t<div class=\"elementor-element elementor-element-71c2d557 elementor-widget elementor-widget-heading\" data-id=\"71c2d557\" data-element_type=\"widget\" data-e-type=\"widget\" data-widget_type=\"heading.default\">\n\t\t\t\t<div class=\"elementor-widget-container\">\n\t\t\t\t\t<h2 class=\"elementor-heading-title elementor-size-default\">NUESTROS FINES INSTITUCIONALES<\/h2>\t\t\t\t<\/div>\n\t\t\t\t<\/div>\n\t\t\t\t<div class=\"elementor-element elementor-element-2c46c7f2 elementor-widget elementor-widget-text-editor\" data-id=\"2c46c7f2\" data-element_type=\"widget\" data-e-type=\"widget\" data-widget_type=\"text-editor.default\">\n\t\t\t\t<div class=\"elementor-widget-container\">\n\t\t\t\t\t\t\t\t\t<p>El IMEP es una Instituci\u00f3n de postgrado, que tiene como finalidad desarrollar habilidades, capacidades y actitudes en los agentes educativos, para su actualizaci\u00f3n y especializaci\u00f3n de los campos de docencia, investigaci\u00f3n, gesti\u00f3n e innovaci\u00f3n educativa, adquiriendo las competencias que le permitan desenvolverse en forma cr\u00edtica y cient\u00edfica en \u00e1mbitos de actividad pedag\u00f3gica profesional, a fin de hacer de la educaci\u00f3n una acci\u00f3n trascendente social y humana.<\/p>\t\t\t\t\t\t\t\t<\/div>\n\t\t\t\t<\/div>\n\t\t\t\t\t<\/div>\n\t\t<\/div>\n\t\t\t\t<div class=\"elementor-column elementor-col-33 elementor-top-column elementor-element elementor-element-40b27f11\" data-id=\"40b27f11\" data-element_type=\"column\" data-e-type=\"column\">\n\t\t\t<div class=\"elementor-widget-wrap elementor-element-populated\">\n\t\t\t\t\t\t<div class=\"elementor-element elementor-element-ed7850e elementor-widget elementor-widget-text-editor\" data-id=\"ed7850e\" data-element_type=\"widget\" data-e-type=\"widget\" data-widget_type=\"text-editor.default\">\n\t\t\t\t<div class=\"elementor-widget-container\">\n\t\t\t\t\t\t\t\t\t<p><a href=\"http:\/\/www.imep.edu.mx\/?page_id=221\"><span style=\"font-size: 1.17rem; font-family: 'Source Sans Pro', arial, helvetica, sans-serif;\">\u00bfQUI\u00c9NES SOMOS?<\/span><\/a><\/p><hr style=\"margin: 3rem 0 3rem 0;\" \/><p><a href=\"http:\/\/www.imep.edu.mx\/?page_id=230\"><span style=\"font-size: 1.17rem; font-family: 'Source Sans Pro', arial, helvetica, sans-serif;\">MISI\u00d3N VISI\u00d3N<\/span><\/a><\/p><hr style=\"margin: 3rem 0 3rem 0;\" \/><p><a href=\"http:\/\/www.imep.edu.mx\/?page_id=11\"><span style=\"font-size: 1.17rem; font-family: 'Source Sans Pro', arial, helvetica, sans-serif;\">OFERTA EDUCATIVA<\/span><\/a><\/p><hr style=\"margin: 3rem 0 3rem 0;\" \/><p><a href=\"http:\/\/www.imep.edu.mx\/?page_id=213\"><span style=\"font-size: 1.17rem; font-family: 'Source Sans Pro', arial, helvetica, sans-serif;\">NUESTROS FINES INSTITUCIONALES<\/span><\/a><\/p><hr style=\"margin: 3rem 0 3rem 0;\" \/><p><a href=\"http:\/\/www.imep.edu.mx\/?page_id=248\"><span style=\"font-size: 1.17rem; font-family: 'Source Sans Pro', arial, helvetica, sans-serif;\">NUESTRA FILOSOF\u00cdA<\/span><\/a><\/p>\t\t\t\t\t\t\t\t<\/div>\n\t\t\t\t<\/div>\n\t\t\t\t\t<\/div>\n\t\t<\/div>\n\t\t\t\t\t<\/div>\n\t\t<\/section>\n\t\t\t\t<\/div>\n\t\t","protected":false},"excerpt":{"rendered":"<p>NUESTROS FINES INSTITUCIONALES El IMEP es una Instituci\u00f3n de postgrado, que tiene como finalidad desarrollar habilidades, capacidades y actitudes en los agentes educativos, para su actualizaci\u00f3n y especializaci\u00f3n de los campos de docencia, investigaci\u00f3n, gesti\u00f3n e innovaci\u00f3n educativa, adquiriendo las competencias que le permitan desenvolverse en forma cr\u00edtica y cient\u00edfica en \u00e1mbitos de actividad pedag\u00f3gica [&hellip;]<\/p>\n","protected":false},"author":1,"featured_media":0,"parent":0,"menu_order":0,"comment_status":"closed","ping_status":"closed","template":"elementor_header_footer","meta":{"_acf_changed":false,"footnotes":""},"class_list":["post-213","page","type-page","status-publish","hentry"],"acf":[],"_links":{"self":[{"href":"https:\/\/www.imep.edu.mx\/index.php?rest_route=\/wp\/v2\/pages\/213","targetHints":{"allow":["GET"]}}],"collection":[{"href":"https:\/\/www.imep.edu.mx\/index.php?rest_route=\/wp\/v2\/pages"}],"about":[{"href":"https:\/\/www.imep.edu.mx\/index.php?rest_route=\/wp\/v2\/types\/page"}],"author":[{"embeddable":true,"href":"https:\/\/www.imep.edu.mx\/index.php?rest_route=\/wp\/v2\/users\/1"}],"replies":[{"embeddable":true,"href":"https:\/\/www.imep.edu.mx\/index.php?rest_route=%2Fwp%2Fv2%2Fcomments&post=213"}],"version-history":[{"count":6,"href":"https:\/\/www.imep.edu.mx\/index.php?rest_route=\/wp\/v2\/pages\/213\/revisions"}],"predecessor-version":[{"id":413,"href":"https:\/\/www.imep.edu.mx\/index.php?rest_route=\/wp\/v2\/pages\/213\/revisions\/413"}],"wp:attachment":[{"href":"https:\/\/www.imep.edu.mx\/index.php?rest_route=%2Fwp%2Fv2%2Fmedia&parent=213"}],"curies":[{"name":"wp","href":"https:\/\/api.w.org\/{rel}","templated":true}]}}