{"id":157,"date":"2019-05-15T00:38:45","date_gmt":"2019-05-14T22:38:45","guid":{"rendered":"http:\/\/www.imep.edu.mx\/?page_id=157"},"modified":"2021-08-14T01:36:12","modified_gmt":"2021-08-13T23:36:12","slug":"doctorados","status":"publish","type":"page","link":"https:\/\/www.imep.edu.mx\/?page_id=157","title":{"rendered":"Doctorados"},"content":{"rendered":"\t\t<div data-elementor-type=\"wp-post\" data-elementor-id=\"157\" class=\"elementor elementor-157\">\n\t\t\t\t\t\t<section class=\"elementor-section elementor-top-section elementor-element elementor-element-3db2f37e elementor-section-stretched elementor-section-boxed elementor-section-height-default elementor-section-height-default\" data-id=\"3db2f37e\" data-element_type=\"section\" data-e-type=\"section\" data-settings=\"{&quot;stretch_section&quot;:&quot;section-stretched&quot;}\">\n\t\t\t\t\t\t<div class=\"elementor-container elementor-column-gap-default\">\n\t\t\t\t\t<div class=\"elementor-column elementor-col-50 elementor-top-column elementor-element elementor-element-1baa5cc7\" data-id=\"1baa5cc7\" data-element_type=\"column\" data-e-type=\"column\">\n\t\t\t<div class=\"elementor-widget-wrap elementor-element-populated\">\n\t\t\t\t\t\t<div class=\"elementor-element elementor-element-83f1166 elementor-widget elementor-widget-text-editor\" data-id=\"83f1166\" data-element_type=\"widget\" data-e-type=\"widget\" data-widget_type=\"text-editor.default\">\n\t\t\t\t<div class=\"elementor-widget-container\">\n\t\t\t\t\t\t\t\t\t<p><a href=\"http:\/\/www.imep.edu.mx\/?page_id=157\"><span style=\"font-size: 1.17rem; font-family: 'Source Sans Pro', arial, helvetica, sans-serif;\">DOCTORADOS<\/span><\/a><\/p><hr style=\"margin: 3rem 0 3rem 0;\" \/><p><a href=\"http:\/\/www.imep.edu.mx\/?page_id=181\"><span style=\"font-size: 1.17rem; font-family: 'Source Sans Pro', arial, helvetica, sans-serif;\">MAESTRIAS<\/span><\/a><\/p><hr style=\"margin: 3rem 0 3rem 0;\" \/><p><a href=\"http:\/\/www.imep.edu.mx\/?page_id=187\"><span style=\"font-size: 1.17rem; font-family: 'Source Sans Pro', arial, helvetica, sans-serif;\">ESPECIALIZACIONES<\/span><\/a><\/p><hr style=\"margin: 3rem 0 3rem 0;\" \/><p><a href=\"http:\/\/www.imep.edu.mx\/?page_id=193\"><span style=\"font-size: 1.17rem; font-family: 'Source Sans Pro', arial, helvetica, sans-serif;\">LICENCIATURA<\/span><\/a><\/p><hr style=\"margin: 3rem 0 3rem 0;\" \/><p><a href=\"http:\/\/www.imep.edu.mx\/?page_id=199\"><span style=\"font-size: 1.17rem; font-family: 'Source Sans Pro', arial, helvetica, sans-serif;\">DIPLOMADOS<\/span><\/a><\/p><hr style=\"margin: 3rem 0 3rem 0;\" \/><p><a href=\"http:\/\/www.imep.edu.mx\/?page_id=205\"><span style=\"font-size: 1.17rem; font-family: 'Source Sans Pro', arial, helvetica, sans-serif;\">CURSOS<\/span><\/a><\/p>\t\t\t\t\t\t\t\t<\/div>\n\t\t\t\t<\/div>\n\t\t\t\t\t<\/div>\n\t\t<\/div>\n\t\t\t\t<div class=\"elementor-column elementor-col-50 elementor-top-column elementor-element elementor-element-2fd7694b\" data-id=\"2fd7694b\" data-element_type=\"column\" data-e-type=\"column\">\n\t\t\t<div class=\"elementor-widget-wrap elementor-element-populated\">\n\t\t\t\t\t\t<div class=\"elementor-element elementor-element-5158362 elementor-widget elementor-widget-image\" data-id=\"5158362\" data-element_type=\"widget\" data-e-type=\"widget\" data-widget_type=\"image.default\">\n\t\t\t\t<div class=\"elementor-widget-container\">\n\t\t\t\t\t\t\t\t\t\t\t\t\t\t\t<img fetchpriority=\"high\" decoding=\"async\" width=\"1024\" height=\"261\" src=\"https:\/\/www.imep.edu.mx\/wp-content\/uploads\/2019\/05\/banner-doctorado-1024x261.jpg\" class=\"attachment-large size-large wp-image-172\" alt=\"\" srcset=\"https:\/\/www.imep.edu.mx\/wp-content\/uploads\/2019\/05\/banner-doctorado-1024x261.jpg 1024w, https:\/\/www.imep.edu.mx\/wp-content\/uploads\/2019\/05\/banner-doctorado-300x77.jpg 300w, https:\/\/www.imep.edu.mx\/wp-content\/uploads\/2019\/05\/banner-doctorado-768x196.jpg 768w\" sizes=\"(max-width: 1024px) 100vw, 1024px\" \/>\t\t\t\t\t\t\t\t\t\t\t\t\t\t\t<\/div>\n\t\t\t\t<\/div>\n\t\t\t\t<div class=\"elementor-element elementor-element-6bb70e5 elementor-widget elementor-widget-heading\" data-id=\"6bb70e5\" data-element_type=\"widget\" data-e-type=\"widget\" data-widget_type=\"heading.default\">\n\t\t\t\t<div class=\"elementor-widget-container\">\n\t\t\t\t\t<h2 class=\"elementor-heading-title elementor-size-default\">Doctorados<\/h2>\t\t\t\t<\/div>\n\t\t\t\t<\/div>\n\t\t\t\t<div class=\"elementor-element elementor-element-5fbef180 elementor-widget elementor-widget-text-editor\" data-id=\"5fbef180\" data-element_type=\"widget\" data-e-type=\"widget\" data-widget_type=\"text-editor.default\">\n\t\t\t\t<div class=\"elementor-widget-container\">\n\t\t\t\t\t\t\t\t\t<p style=\"margin-right: 0px; margin-bottom: 2em; margin-left: 0px; padding: 0px; border: 0px; font-variant-numeric: inherit; font-variant-east-asian: inherit; font-stretch: inherit; font-size: 17.3333px; line-height: inherit; font-family: 'Source Sans Pro'; vertical-align: baseline; color: #777777; letter-spacing: normal;\"><span style=\"font-weight: 600; margin: 0px; padding: 0px; border: 0px; font-style: inherit; font-variant: inherit; font-stretch: inherit; font-size: inherit; line-height: inherit; font-family: inherit; vertical-align: baseline; color: #666666;\">Objetivo:<\/span>\u00a0Consolidar las Competencias del Perfil Profesional del Cient\u00edfico \u2013Docente mediante el dise\u00f1o, an\u00e1lisis, dictaminaci\u00f3n, experimentaci\u00f3n did\u00e1ctica, formulaci\u00f3n de propuestas y ejecuci\u00f3n de proyectos de desarrollo, conferencias y ponencias.<\/p><p style=\"margin-right: 0px; margin-bottom: 2em; margin-left: 0px; padding: 0px; border: 0px; font-variant-numeric: inherit; font-variant-east-asian: inherit; font-stretch: inherit; font-size: 17.3333px; line-height: inherit; font-family: 'Source Sans Pro'; vertical-align: baseline; color: #777777; letter-spacing: normal;\"><span style=\"font-weight: 600; margin: 0px; padding: 0px; border: 0px; font-style: inherit; font-variant: inherit; font-stretch: inherit; font-size: inherit; line-height: inherit; font-family: inherit; vertical-align: baseline; color: #666666;\">Duraci\u00f3n:<\/span>\u00a07 Cuatrimestres.<\/p>\t\t\t\t\t\t\t\t<\/div>\n\t\t\t\t<\/div>\n\t\t\t\t<div class=\"elementor-element elementor-element-3d2437f elementor-widget elementor-widget-text-editor\" data-id=\"3d2437f\" data-element_type=\"widget\" data-e-type=\"widget\" data-widget_type=\"text-editor.default\">\n\t\t\t\t<div class=\"elementor-widget-container\">\n\t\t\t\t\t\t\t\t\t<div class=\"panel-body\" style=\"margin: 0px; padding: 0px; border: 0px; font-variant-numeric: inherit; font-variant-east-asian: inherit; font-stretch: inherit; font-size: 17.3333px; line-height: inherit; font-family: 'Source Sans Pro'; vertical-align: baseline; color: #777777; letter-spacing: normal; text-align: left;\"><ul style=\"margin-right: 0px; margin-bottom: 2em; margin-left: 0px; padding: 0px; border: 0px; font: inherit; vertical-align: baseline; list-style: none;\"><li class=\"list-group-item list-group-item-action\" style=\"margin-top: 0px; margin-right: 0px; margin-left: 0px; font: inherit; vertical-align: baseline; width: 723.328px;\"><h3 style=\"margin-right: 0px; margin-bottom: 1.25em; margin-left: 0px; font-weight: 600; line-height: inherit; color: #888888; font-size: 1em; padding: 0px; border: 0px; font-style: inherit; font-variant: inherit; font-stretch: inherit; vertical-align: baseline; text-transform: uppercase; letter-spacing: 2px;\">DOCTORADO EN METODOLOG\u00cdA DE LA ENSE\u00d1ANZA<\/h3><\/li><li class=\"list-group-item list-group-item-action\" style=\"margin-top: 0px; margin-right: 0px; margin-left: 0px; font: inherit; vertical-align: baseline; width: 723.328px;\"><h3 style=\"margin-right: 0px; margin-bottom: 1.25em; margin-left: 0px; font-weight: 600; line-height: inherit; color: #888888; font-size: 1em; padding: 0px; border: 0px; font-style: inherit; font-variant: inherit; font-stretch: inherit; vertical-align: baseline; text-transform: uppercase; letter-spacing: 2px;\">DOCTORADO EN ADMINISTRACI\u00d3N ESCOLAR<\/h3><\/li><li class=\"list-group-item list-group-item-action\" style=\"margin-top: 0px; margin-right: 0px; margin-left: 0px; font: inherit; vertical-align: baseline; width: 723.328px;\"><h3 style=\"margin-right: 0px; margin-bottom: 1.25em; margin-left: 0px; font-weight: 600; line-height: inherit; color: #888888; font-size: 1em; padding: 0px; border: 0px; font-style: inherit; font-variant: inherit; font-stretch: inherit; vertical-align: baseline; text-transform: uppercase; letter-spacing: 2px;\">DOCTORADO EN DIRECCI\u00d3N METODOL\u00d3GICA DEL PROCESO DOCENTE EDUCATIVO<\/h3><\/li><li class=\"list-group-item list-group-item-action\" style=\"margin-top: 0px; margin-right: 0px; margin-left: 0px; font: inherit; vertical-align: baseline; width: 723.328px;\"><h3 style=\"margin-right: 0px; margin-bottom: 1.25em; margin-left: 0px; font-weight: 600; line-height: inherit; color: #888888; font-size: 1em; padding: 0px; border: 0px; font-style: inherit; font-variant: inherit; font-stretch: inherit; vertical-align: baseline; text-transform: uppercase; letter-spacing: 2px;\">DOCTORADO EN PLANEACI\u00d3N EDUCATIVA<\/h3><\/li><\/ul><\/div><div id=\"requisitos\" class=\"panel panel-default\" style=\"margin: 0px; padding: 0px; border: 0px; font-variant-numeric: inherit; font-variant-east-asian: inherit; font-stretch: inherit; font-size: 17.3333px; line-height: inherit; font-family: 'Source Sans Pro'; vertical-align: baseline; color: #777777; letter-spacing: normal; text-align: left;\"><div class=\"panel-heading\" style=\"margin: 0px; padding: 0px; border: 0px; font: inherit; vertical-align: baseline;\"><h3 style=\"margin-right: 0px; margin-bottom: 1.25em; margin-left: 0px; font-weight: 600; line-height: inherit; color: #888888; font-size: 1em; padding: 0px; border: 0px; font-style: inherit; font-variant: inherit; font-stretch: inherit; vertical-align: baseline; text-transform: uppercase; letter-spacing: 2px;\">LOS REQUISITOS DE INGRESO SON:<\/h3><\/div><div class=\"panel-body\" style=\"margin: 0px; padding: 0px; border: 0px; font: inherit; vertical-align: baseline;\"><ul><li style=\"font-weight: 400;\" aria-level=\"1\"><span style=\"font-weight: 400;\">Original del Acta de Nacimiento (no mayor a 3 meses).<\/span><\/li><li style=\"font-weight: 400;\" aria-level=\"1\"><span style=\"font-weight: 400;\">Copia del Grado de Estudios de Maestr\u00eda <\/span><span style=\"font-weight: 400;\">(Si es de una instituci\u00f3n distinta a U. de G. se requiere Constancia de autenticidad).<\/span><\/li><li style=\"font-weight: 400;\" aria-level=\"1\"><span style=\"font-weight: 400;\">Copia del Certificado total de calificaciones de Maestr\u00eda.<\/span><\/li><li style=\"font-weight: 400;\" aria-level=\"1\"><span style=\"font-weight: 400;\">Copia de la C\u00e9dula de Grado Federal.<\/span><\/li><li style=\"font-weight: 400;\" aria-level=\"1\"><span style=\"font-weight: 400;\">Curr\u00edculum Vitae simple (sin constancias).<\/span><\/li><li style=\"font-weight: 400;\" aria-level=\"1\"><span style=\"font-weight: 400;\">2 Fotograf\u00edas tama\u00f1o infantil, <\/span><span style=\"font-weight: 400;\">blanco y negro.<\/span><\/li><\/ul><p><span style=\"font-weight: 400;\">NOTA: COPIAS LEGIBLES SIN SELLOS DE OTRA INSTITUCI\u00d3N.\u00a0<\/span><\/p><ul><li style=\"font-weight: 400;\" aria-level=\"1\"><span style=\"font-weight: 400;\">CONSTANCIA DE AUTENTICIDAD O CARTA DE VALIDACI\u00d3N DE ESTUDIOS: Expedida por la Escuela de donde egres\u00f3.<\/span><\/li><\/ul><\/div><\/div>\t\t\t\t\t\t\t\t<\/div>\n\t\t\t\t<\/div>\n\t\t\t\t<div class=\"elementor-element elementor-element-2c10272 elementor-align-center elementor-widget elementor-widget-button\" data-id=\"2c10272\" data-element_type=\"widget\" data-e-type=\"widget\" data-widget_type=\"button.default\">\n\t\t\t\t<div class=\"elementor-widget-container\">\n\t\t\t\t\t\t\t\t\t<div class=\"elementor-button-wrapper\">\n\t\t\t\t\t<a class=\"elementor-button elementor-size-md\" role=\"button\">\n\t\t\t\t\t\t<span class=\"elementor-button-content-wrapper\">\n\t\t\t\t\t\t\t\t\t<span class=\"elementor-button-text\">PREINSCRIPCIONES<\/span>\n\t\t\t\t\t<\/span>\n\t\t\t\t\t<\/a>\n\t\t\t\t<\/div>\n\t\t\t\t\t\t\t\t<\/div>\n\t\t\t\t<\/div>\n\t\t\t\t\t<\/div>\n\t\t<\/div>\n\t\t\t\t\t<\/div>\n\t\t<\/section>\n\t\t\t\t<section class=\"elementor-section elementor-top-section elementor-element elementor-element-14271b3 elementor-section-boxed elementor-section-height-default elementor-section-height-default\" data-id=\"14271b3\" data-element_type=\"section\" data-e-type=\"section\">\n\t\t\t\t\t\t<div class=\"elementor-container elementor-column-gap-default\">\n\t\t\t\t\t<div class=\"elementor-column elementor-col-100 elementor-top-column elementor-element elementor-element-2212f05\" data-id=\"2212f05\" data-element_type=\"column\" data-e-type=\"column\">\n\t\t\t<div class=\"elementor-widget-wrap elementor-element-populated\">\n\t\t\t\t\t\t<div class=\"elementor-element elementor-element-44030e9 elementor-shape-circle e-grid-align-right elementor-fixed e-grid-align-mobile-center elementor-widget__width-inherit elementor-hidden-phone elementor-grid-0 elementor-widget elementor-widget-social-icons\" data-id=\"44030e9\" data-element_type=\"widget\" data-e-type=\"widget\" data-settings=\"{&quot;_position&quot;:&quot;fixed&quot;}\" data-widget_type=\"social-icons.default\">\n\t\t\t\t<div class=\"elementor-widget-container\">\n\t\t\t\t\t\t\t<div class=\"elementor-social-icons-wrapper elementor-grid\" role=\"list\">\n\t\t\t\t\t\t\t<span class=\"elementor-grid-item\" role=\"listitem\">\n\t\t\t\t\t<a class=\"elementor-icon elementor-social-icon elementor-social-icon-envelope elementor-repeater-item-68f4200\" href=\"http:\/\/www.imep.edu.mx\/?page_id=254\" target=\"_blank\">\n\t\t\t\t\t\t<span class=\"elementor-screen-only\">Envelope<\/span>\n\t\t\t\t\t\t<i aria-hidden=\"true\" class=\"fas fa-envelope\"><\/i>\t\t\t\t\t<\/a>\n\t\t\t\t<\/span>\n\t\t\t\t\t\t\t<span class=\"elementor-grid-item\" role=\"listitem\">\n\t\t\t\t\t<a class=\"elementor-icon elementor-social-icon elementor-social-icon-whatsapp elementor-repeater-item-c50f205\" href=\"https:\/\/api.whatsapp.com\/send?phone=523336564514\" target=\"_blank\">\n\t\t\t\t\t\t<span class=\"elementor-screen-only\">Whatsapp<\/span>\n\t\t\t\t\t\t<i aria-hidden=\"true\" class=\"fab fa-whatsapp\"><\/i>\t\t\t\t\t<\/a>\n\t\t\t\t<\/span>\n\t\t\t\t\t<\/div>\n\t\t\t\t\t\t<\/div>\n\t\t\t\t<\/div>\n\t\t\t\t\t<\/div>\n\t\t<\/div>\n\t\t\t\t\t<\/div>\n\t\t<\/section>\n\t\t\t\t<\/div>\n\t\t","protected":false},"excerpt":{"rendered":"<p>DOCTORADOS MAESTRIAS ESPECIALIZACIONES LICENCIATURA DIPLOMADOS CURSOS Doctorados Objetivo:\u00a0Consolidar las Competencias del Perfil Profesional del Cient\u00edfico \u2013Docente mediante el dise\u00f1o, an\u00e1lisis, dictaminaci\u00f3n, experimentaci\u00f3n did\u00e1ctica, formulaci\u00f3n de propuestas y ejecuci\u00f3n de proyectos de desarrollo, conferencias y ponencias. Duraci\u00f3n:\u00a07 Cuatrimestres. DOCTORADO EN METODOLOG\u00cdA DE LA ENSE\u00d1ANZA DOCTORADO EN ADMINISTRACI\u00d3N ESCOLAR DOCTORADO EN DIRECCI\u00d3N METODOL\u00d3GICA DEL PROCESO DOCENTE EDUCATIVO [&hellip;]<\/p>\n","protected":false},"author":1,"featured_media":0,"parent":0,"menu_order":0,"comment_status":"closed","ping_status":"closed","template":"elementor_header_footer","meta":{"_acf_changed":false,"footnotes":""},"class_list":["post-157","page","type-page","status-publish","hentry"],"acf":[],"_links":{"self":[{"href":"https:\/\/www.imep.edu.mx\/index.php?rest_route=\/wp\/v2\/pages\/157","targetHints":{"allow":["GET"]}}],"collection":[{"href":"https:\/\/www.imep.edu.mx\/index.php?rest_route=\/wp\/v2\/pages"}],"about":[{"href":"https:\/\/www.imep.edu.mx\/index.php?rest_route=\/wp\/v2\/types\/page"}],"author":[{"embeddable":true,"href":"https:\/\/www.imep.edu.mx\/index.php?rest_route=\/wp\/v2\/users\/1"}],"replies":[{"embeddable":true,"href":"https:\/\/www.imep.edu.mx\/index.php?rest_route=%2Fwp%2Fv2%2Fcomments&post=157"}],"version-history":[{"count":44,"href":"https:\/\/www.imep.edu.mx\/index.php?rest_route=\/wp\/v2\/pages\/157\/revisions"}],"predecessor-version":[{"id":1141,"href":"https:\/\/www.imep.edu.mx\/index.php?rest_route=\/wp\/v2\/pages\/157\/revisions\/1141"}],"wp:attachment":[{"href":"https:\/\/www.imep.edu.mx\/index.php?rest_route=%2Fwp%2Fv2%2Fmedia&parent=157"}],"curies":[{"name":"wp","href":"https:\/\/api.w.org\/{rel}","templated":true}]}}