{"id":134,"date":"2019-05-13T20:40:49","date_gmt":"2019-05-13T18:40:49","guid":{"rendered":"http:\/\/www.imep.edu.mx\/?page_id=134"},"modified":"2019-05-29T01:50:04","modified_gmt":"2019-05-28T23:50:04","slug":"aportaciones","status":"publish","type":"page","link":"https:\/\/www.imep.edu.mx\/?page_id=134","title":{"rendered":"Aportaciones"},"content":{"rendered":"\t\t<div data-elementor-type=\"wp-post\" data-elementor-id=\"134\" class=\"elementor elementor-134\">\n\t\t\t\t\t\t<section class=\"elementor-section elementor-top-section elementor-element elementor-element-3a1c6555 elementor-section-stretched elementor-section-boxed elementor-section-height-default elementor-section-height-default\" data-id=\"3a1c6555\" data-element_type=\"section\" data-e-type=\"section\" data-settings=\"{&quot;stretch_section&quot;:&quot;section-stretched&quot;}\">\n\t\t\t\t\t\t<div class=\"elementor-container elementor-column-gap-default\">\n\t\t\t\t\t<div class=\"elementor-column elementor-col-66 elementor-top-column elementor-element elementor-element-72200d0a\" data-id=\"72200d0a\" data-element_type=\"column\" data-e-type=\"column\">\n\t\t\t<div class=\"elementor-widget-wrap elementor-element-populated\">\n\t\t\t\t\t\t<div class=\"elementor-element elementor-element-575f55e1 elementor-widget elementor-widget-image\" data-id=\"575f55e1\" data-element_type=\"widget\" data-e-type=\"widget\" data-widget_type=\"image.default\">\n\t\t\t\t<div class=\"elementor-widget-container\">\n\t\t\t\t\t\t\t\t\t\t\t\t\t\t\t<img fetchpriority=\"high\" decoding=\"async\" width=\"1024\" height=\"261\" src=\"https:\/\/www.imep.edu.mx\/wp-content\/uploads\/2019\/05\/banner-actividades-1024x261.jpg\" class=\"attachment-large size-large wp-image-112\" alt=\"\" srcset=\"https:\/\/www.imep.edu.mx\/wp-content\/uploads\/2019\/05\/banner-actividades-1024x261.jpg 1024w, https:\/\/www.imep.edu.mx\/wp-content\/uploads\/2019\/05\/banner-actividades-300x77.jpg 300w, https:\/\/www.imep.edu.mx\/wp-content\/uploads\/2019\/05\/banner-actividades-768x196.jpg 768w\" sizes=\"(max-width: 1024px) 100vw, 1024px\" \/>\t\t\t\t\t\t\t\t\t\t\t\t\t\t\t<\/div>\n\t\t\t\t<\/div>\n\t\t\t\t<div class=\"elementor-element elementor-element-57cbed48 elementor-widget elementor-widget-heading\" data-id=\"57cbed48\" data-element_type=\"widget\" data-e-type=\"widget\" data-widget_type=\"heading.default\">\n\t\t\t\t<div class=\"elementor-widget-container\">\n\t\t\t\t\t<h2 class=\"elementor-heading-title elementor-size-default\">Aportaciones<\/h2>\t\t\t\t<\/div>\n\t\t\t\t<\/div>\n\t\t\t\t<div class=\"elementor-element elementor-element-7730868d elementor-widget elementor-widget-text-editor\" data-id=\"7730868d\" data-element_type=\"widget\" data-e-type=\"widget\" data-widget_type=\"text-editor.default\">\n\t\t\t\t<div class=\"elementor-widget-container\">\n\t\t\t\t\t\t\t\t\t<div id=\"content\" class=\"8u 12u(mobile)\"><article id=\"inicio\" class=\"box post\"><div id=\"reconocimientos\" class=\"panel panel-default\"><div class=\"panel-body\"><ul class=\"list-group\"><li class=\"list-group-item list-group-item-action\">Creaci\u00f3n del Paradigma Pedag\u00f3gico \u00abLa Pedagog\u00eda de Metafrontera\u00bb, creaci\u00f3n del primer Sistema de Postgrado Pedag\u00f3gico (patentado).<\/li><li class=\"list-group-item list-group-item-action\">Propuesta complementaria para la Ley General de Educaci\u00f3n, Foro organizado por la C\u00e1mara de Diputados del Congreso de la Uni\u00f3n.<\/li><li class=\"list-group-item list-group-item-action\">Proyecto inicial de Ley Estatal de Educaci\u00f3n de Jalisco.<\/li><li class=\"list-group-item list-group-item-action\">Propuesta al Gobierno del Estado de Jalisco para la creaci\u00f3n del Consejo Cient\u00edfico Pedag\u00f3gico del Sistema Formador y Actualizador del Docente, septiembre de 1996.<\/li><li class=\"list-group-item list-group-item-action\">Construcci\u00f3n del Banco Nacional de Bibliograf\u00eda e Inform\u00e1tica Pedag\u00f3gica.<\/li><li class=\"list-group-item list-group-item-action\">Propuesta Complementaria al Plan Estatal de Educaci\u00f3n de Zacatecas 1998-2004.<\/li><li class=\"list-group-item list-group-item-action\">Propuesta Complementaria al Plan Estatal de Educaci\u00f3n del Estado de Tamaulipas, 1999-2004.<\/li><li class=\"list-group-item list-group-item-action\">Proyecto \u00abEscuela de Altos Estudios Educativos\u00bb propuesto a las Autoridades Educativas, &#8211; Instituciones de Educaci\u00f3n Superior y Secciones 34 y 58 del SNTE del Estado de Zacatecas.<\/li><li class=\"list-group-item list-group-item-action\">Propuesta Pedag\u00f3gica y Did\u00e1ctica del libro de texto para educaci\u00f3n primaria \u00abTlaquepaque: Historia y Geograf\u00eda\u00bb.<\/li><li class=\"list-group-item list-group-item-action\">Dictaminaci\u00f3n del Concurso de Investigaci\u00f3n Educativa de los 37 Colegios de Bachilleres del Estado de Zacatecas.<\/li><li class=\"list-group-item list-group-item-action\">Dise\u00f1o Curricular y organizaci\u00f3n del primer grupo de Doctorado en Pedagog\u00eda del Sistema de Educaci\u00f3n Jalisco.<\/li><li class=\"list-group-item list-group-item-action\">Formaci\u00f3n de 480 Masters en Metodolog\u00eda de la Ense\u00f1anza de diferentes niveles educativos. Sin costo para el Gobierno del Estado de Jalisco.<\/li><li class=\"list-group-item list-group-item-action\">Realizaci\u00f3n, edici\u00f3n y publicaci\u00f3n de 18 obras bibliogr\u00e1ficas.<\/li><li class=\"list-group-item list-group-item-action\">Concepci\u00f3n, dise\u00f1o y patente de una Metodolog\u00eda Cient\u00edfica para el Estudio de los Contextos Educativos.<\/li><li class=\"list-group-item list-group-item-action\">Creaci\u00f3n y sostenimiento de 32 empleos que representan el sost\u00e9n econ\u00f3mico de 18 familias.<\/li><li class=\"list-group-item list-group-item-action\">Creaci\u00f3n y sostenimiento de empleos complementarios de 70 Docentes.<\/li><li class=\"list-group-item list-group-item-action\">Proyecto Curricular Escuela de Cuadros, propuesto a Organizaciones Sindicales.<\/li><li class=\"list-group-item list-group-item-action\">Becas parciales y\/o totales otorgadas en Maestr\u00eda que beneficiaron a 315 alumnos.<\/li><li class=\"list-group-item list-group-item-action\">Becas parciales y\/o totales otorgadas en Doctorado que beneficiaron a 96 alumnos.<\/li><li class=\"list-group-item list-group-item-action\">\u00a0<\/li><\/ul><\/div><\/div><\/article><\/div>\t\t\t\t\t\t\t\t<\/div>\n\t\t\t\t<\/div>\n\t\t\t\t\t<\/div>\n\t\t<\/div>\n\t\t\t\t<div class=\"elementor-column elementor-col-33 elementor-top-column elementor-element elementor-element-6980851a\" data-id=\"6980851a\" data-element_type=\"column\" data-e-type=\"column\">\n\t\t\t<div class=\"elementor-widget-wrap elementor-element-populated\">\n\t\t\t\t\t\t<div class=\"elementor-element elementor-element-2b6ba9ae elementor-icon-list--layout-traditional elementor-list-item-link-full_width elementor-widget elementor-widget-icon-list\" data-id=\"2b6ba9ae\" data-element_type=\"widget\" data-e-type=\"widget\" data-widget_type=\"icon-list.default\">\n\t\t\t\t<div class=\"elementor-widget-container\">\n\t\t\t\t\t\t\t<ul class=\"elementor-icon-list-items\">\n\t\t\t\t\t\t\t<li class=\"elementor-icon-list-item\">\n\t\t\t\t\t\t\t\t\t\t\t<a href=\"http:\/\/www.imep.edu.mx\/?page_id=82\">\n\n\t\t\t\t\t\t\t\t\t\t\t<span class=\"elementor-icon-list-text\">PARTICIPACIONES EN EVENTOS<\/span>\n\t\t\t\t\t\t\t\t\t\t\t<\/a>\n\t\t\t\t\t\t\t\t\t<\/li>\n\t\t\t\t\t\t\t\t<li class=\"elementor-icon-list-item\">\n\t\t\t\t\t\t\t\t\t\t\t<a href=\"http:\/\/www.imep.edu.mx\/?page_id=110\">\n\n\t\t\t\t\t\t\t\t\t\t\t<span class=\"elementor-icon-list-text\">RECONOCIMIENTOS OBTENIDOS<\/span>\n\t\t\t\t\t\t\t\t\t\t\t<\/a>\n\t\t\t\t\t\t\t\t\t<\/li>\n\t\t\t\t\t\t\t\t<li class=\"elementor-icon-list-item\">\n\t\t\t\t\t\t\t\t\t\t\t<a href=\"http:\/\/www.imep.edu.mx\/?page_id=127\">\n\n\t\t\t\t\t\t\t\t\t\t\t<span class=\"elementor-icon-list-text\">DOCENTES<\/span>\n\t\t\t\t\t\t\t\t\t\t\t<\/a>\n\t\t\t\t\t\t\t\t\t<\/li>\n\t\t\t\t\t\t\t\t<li class=\"elementor-icon-list-item\">\n\t\t\t\t\t\t\t\t\t\t\t<a href=\"http:\/\/www.imep.edu.mx\/?page_id=134\">\n\n\t\t\t\t\t\t\t\t\t\t\t<span class=\"elementor-icon-list-text\">APORTACIONES<\/span>\n\t\t\t\t\t\t\t\t\t\t\t<\/a>\n\t\t\t\t\t\t\t\t\t<\/li>\n\t\t\t\t\t\t\t\t<li class=\"elementor-icon-list-item\">\n\t\t\t\t\t\t\t\t\t\t\t<a href=\"http:\/\/www.imep.edu.mx\/?page_id=140\">\n\n\t\t\t\t\t\t\t\t\t\t\t<span class=\"elementor-icon-list-text\">PRODUCCCI\u00d3N EDITORIAL<\/span>\n\t\t\t\t\t\t\t\t\t\t\t<\/a>\n\t\t\t\t\t\t\t\t\t<\/li>\n\t\t\t\t\t\t<\/ul>\n\t\t\t\t\t\t<\/div>\n\t\t\t\t<\/div>\n\t\t\t\t\t<\/div>\n\t\t<\/div>\n\t\t\t\t\t<\/div>\n\t\t<\/section>\n\t\t\t\t<\/div>\n\t\t","protected":false},"excerpt":{"rendered":"<p>Aportaciones Creaci\u00f3n del Paradigma Pedag\u00f3gico \u00abLa Pedagog\u00eda de Metafrontera\u00bb, creaci\u00f3n del primer Sistema de Postgrado Pedag\u00f3gico (patentado). Propuesta complementaria para la Ley General de Educaci\u00f3n, Foro organizado por la C\u00e1mara de Diputados del Congreso de la Uni\u00f3n. Proyecto inicial de Ley Estatal de Educaci\u00f3n de Jalisco. Propuesta al Gobierno del Estado de Jalisco para la [&hellip;]<\/p>\n","protected":false},"author":1,"featured_media":0,"parent":0,"menu_order":0,"comment_status":"closed","ping_status":"closed","template":"elementor_header_footer","meta":{"_acf_changed":false,"footnotes":""},"class_list":["post-134","page","type-page","status-publish","hentry"],"acf":[],"_links":{"self":[{"href":"https:\/\/www.imep.edu.mx\/index.php?rest_route=\/wp\/v2\/pages\/134","targetHints":{"allow":["GET"]}}],"collection":[{"href":"https:\/\/www.imep.edu.mx\/index.php?rest_route=\/wp\/v2\/pages"}],"about":[{"href":"https:\/\/www.imep.edu.mx\/index.php?rest_route=\/wp\/v2\/types\/page"}],"author":[{"embeddable":true,"href":"https:\/\/www.imep.edu.mx\/index.php?rest_route=\/wp\/v2\/users\/1"}],"replies":[{"embeddable":true,"href":"https:\/\/www.imep.edu.mx\/index.php?rest_route=%2Fwp%2Fv2%2Fcomments&post=134"}],"version-history":[{"count":5,"href":"https:\/\/www.imep.edu.mx\/index.php?rest_route=\/wp\/v2\/pages\/134\/revisions"}],"predecessor-version":[{"id":340,"href":"https:\/\/www.imep.edu.mx\/index.php?rest_route=\/wp\/v2\/pages\/134\/revisions\/340"}],"wp:attachment":[{"href":"https:\/\/www.imep.edu.mx\/index.php?rest_route=%2Fwp%2Fv2%2Fmedia&parent=134"}],"curies":[{"name":"wp","href":"https:\/\/api.w.org\/{rel}","templated":true}]}}