{"id":11,"date":"2019-05-09T20:00:07","date_gmt":"2019-05-09T18:00:07","guid":{"rendered":"http:\/\/www.imep.edu.mx\/?page_id=11"},"modified":"2021-08-11T01:44:29","modified_gmt":"2021-08-10T23:44:29","slug":"oferta","status":"publish","type":"page","link":"https:\/\/www.imep.edu.mx\/?page_id=11","title":{"rendered":"Oferta educativa"},"content":{"rendered":"\t\t<div data-elementor-type=\"wp-post\" data-elementor-id=\"11\" class=\"elementor elementor-11\">\n\t\t\t\t\t\t<section class=\"elementor-section elementor-top-section elementor-element elementor-element-6c4a78ba elementor-section-stretched elementor-section-boxed elementor-section-height-default elementor-section-height-default\" data-id=\"6c4a78ba\" data-element_type=\"section\" data-e-type=\"section\" data-settings=\"{&quot;stretch_section&quot;:&quot;section-stretched&quot;}\">\n\t\t\t\t\t\t<div class=\"elementor-container elementor-column-gap-default\">\n\t\t\t\t\t<div class=\"elementor-column elementor-col-50 elementor-top-column elementor-element elementor-element-e8069e1\" data-id=\"e8069e1\" data-element_type=\"column\" data-e-type=\"column\">\n\t\t\t<div class=\"elementor-widget-wrap elementor-element-populated\">\n\t\t\t\t\t\t<div class=\"elementor-element elementor-element-97e4701 elementor-icon-list--layout-traditional elementor-list-item-link-full_width elementor-widget elementor-widget-icon-list\" data-id=\"97e4701\" data-element_type=\"widget\" data-e-type=\"widget\" data-widget_type=\"icon-list.default\">\n\t\t\t\t<div class=\"elementor-widget-container\">\n\t\t\t\t\t\t\t<ul class=\"elementor-icon-list-items\">\n\t\t\t\t\t\t\t<li class=\"elementor-icon-list-item\">\n\t\t\t\t\t\t\t\t\t\t\t<a href=\"http:\/\/www.imep.edu.mx\/?page_id=205\">\n\n\t\t\t\t\t\t\t\t\t\t\t<span class=\"elementor-icon-list-text\">CURSOS<\/span>\n\t\t\t\t\t\t\t\t\t\t\t<\/a>\n\t\t\t\t\t\t\t\t\t<\/li>\n\t\t\t\t\t\t\t\t<li class=\"elementor-icon-list-item\">\n\t\t\t\t\t\t\t\t\t\t\t<a href=\"http:\/\/www.imep.edu.mx\/?page_id=193\">\n\n\t\t\t\t\t\t\t\t\t\t\t<span class=\"elementor-icon-list-text\">LICENCIATURA<\/span>\n\t\t\t\t\t\t\t\t\t\t\t<\/a>\n\t\t\t\t\t\t\t\t\t<\/li>\n\t\t\t\t\t\t\t\t<li class=\"elementor-icon-list-item\">\n\t\t\t\t\t\t\t\t\t\t\t<a href=\"http:\/\/www.imep.edu.mx\/?page_id=199\">\n\n\t\t\t\t\t\t\t\t\t\t\t<span class=\"elementor-icon-list-text\">DIPLOMADOS<\/span>\n\t\t\t\t\t\t\t\t\t\t\t<\/a>\n\t\t\t\t\t\t\t\t\t<\/li>\n\t\t\t\t\t\t\t\t<li class=\"elementor-icon-list-item\">\n\t\t\t\t\t\t\t\t\t\t\t<a href=\"http:\/\/www.imep.edu.mx\/?page_id=187\">\n\n\t\t\t\t\t\t\t\t\t\t\t<span class=\"elementor-icon-list-text\">ESPECIALIZACIONES<\/span>\n\t\t\t\t\t\t\t\t\t\t\t<\/a>\n\t\t\t\t\t\t\t\t\t<\/li>\n\t\t\t\t\t\t\t\t<li class=\"elementor-icon-list-item\">\n\t\t\t\t\t\t\t\t\t\t\t<a href=\"http:\/\/www.imep.edu.mx\/?page_id=181\">\n\n\t\t\t\t\t\t\t\t\t\t\t<span class=\"elementor-icon-list-text\">MAESTR\u00cdAS<\/span>\n\t\t\t\t\t\t\t\t\t\t\t<\/a>\n\t\t\t\t\t\t\t\t\t<\/li>\n\t\t\t\t\t\t\t\t<li class=\"elementor-icon-list-item\">\n\t\t\t\t\t\t\t\t\t\t\t<a href=\"http:\/\/www.imep.edu.mx\/?page_id=157\">\n\n\t\t\t\t\t\t\t\t\t\t\t<span class=\"elementor-icon-list-text\">DOCTORADOS<\/span>\n\t\t\t\t\t\t\t\t\t\t\t<\/a>\n\t\t\t\t\t\t\t\t\t<\/li>\n\t\t\t\t\t\t<\/ul>\n\t\t\t\t\t\t<\/div>\n\t\t\t\t<\/div>\n\t\t\t\t\t<\/div>\n\t\t<\/div>\n\t\t\t\t<div class=\"elementor-column elementor-col-50 elementor-top-column elementor-element elementor-element-5f3f5712\" data-id=\"5f3f5712\" data-element_type=\"column\" data-e-type=\"column\">\n\t\t\t<div class=\"elementor-widget-wrap elementor-element-populated\">\n\t\t\t\t\t\t<div class=\"elementor-element elementor-element-3ee89af4 elementor-widget elementor-widget-image\" data-id=\"3ee89af4\" data-element_type=\"widget\" data-e-type=\"widget\" data-widget_type=\"image.default\">\n\t\t\t\t<div class=\"elementor-widget-container\">\n\t\t\t\t\t\t\t\t\t\t\t\t\t\t\t<img fetchpriority=\"high\" decoding=\"async\" width=\"1024\" height=\"259\" src=\"https:\/\/www.imep.edu.mx\/wp-content\/uploads\/2019\/05\/banner-oferta-1024x259.jpg\" class=\"attachment-large size-large wp-image-95\" alt=\"\" srcset=\"https:\/\/www.imep.edu.mx\/wp-content\/uploads\/2019\/05\/banner-oferta-1024x259.jpg 1024w, https:\/\/www.imep.edu.mx\/wp-content\/uploads\/2019\/05\/banner-oferta-300x76.jpg 300w, https:\/\/www.imep.edu.mx\/wp-content\/uploads\/2019\/05\/banner-oferta-768x194.jpg 768w\" sizes=\"(max-width: 1024px) 100vw, 1024px\" \/>\t\t\t\t\t\t\t\t\t\t\t\t\t\t\t<\/div>\n\t\t\t\t<\/div>\n\t\t\t\t<div class=\"elementor-element elementor-element-70f7facb elementor-widget elementor-widget-text-editor\" data-id=\"70f7facb\" data-element_type=\"widget\" data-e-type=\"widget\" data-widget_type=\"text-editor.default\">\n\t\t\t\t<div class=\"elementor-widget-container\">\n\t\t\t\t\t\t\t\t\t<p>El Postgrado Pedag\u00f3gico para la calidad Total de la Praxis Educativa es un sistema de estudios del mayor nivel acad\u00e9mico dise\u00f1ado para la superaci\u00f3n profesional del magisterio que labora en la Educaci\u00f3n P\u00fablica.<\/p><p>Como sistema incluye el conjunto de caracter\u00edsticas que los profesores de la educaci\u00f3n requieren para su desempe\u00f1o laboral en las diferentes pr\u00e1cticas educativas: la docencia, la administraci\u00f3n escolar, la direcci\u00f3n metodol\u00f3gica del proceso docente &#8211; educativo, y la planeaci\u00f3n educativa.<\/p><h3>EL SISTEMA EST\u00c1 INTEGRADO POR LOS SIGUIENTES NIVELES ACAD\u00c9MICOS:<\/h3><div class=\"list-group list-group-flush\"><a class=\"list-group-item list-group-item-action\" href=\"http:\/\/www.imep.edu.mx\/?q=oferta\/doctorados\"><span style=\"font-weight: normal;\">Licenciatura<\/span><\/a><a class=\"list-group-item list-group-item-action\" href=\"http:\/\/www.imep.edu.mx\/?q=oferta\/maestrias\"><span style=\"font-weight: normal;\">Especializaciones<\/span><\/a><a class=\"list-group-item list-group-item-action\" href=\"http:\/\/www.imep.edu.mx\/?q=oferta\/especializaciones\"><span style=\"font-weight: normal;\">Maestr\u00edas<\/span><\/a><a class=\"list-group-item list-group-item-action\" href=\"http:\/\/www.imep.edu.mx\/?q=oferta\/licenciaturas\"><span style=\"font-weight: normal;\">Doctorados<\/span><\/a><\/div><h3>ASIMISMO SE IMPARTEN:<\/h3><ul class=\"list-group list-group-flush\"><li class=\"list-group-item list-group-item-action list-noborder\">Cursos<\/li><li class=\"list-group-item list-group-item-action\">Diplomado en Pedagog\u00eda<\/li><li class=\"list-group-item list-group-item-action\">Peritajes y dictaminaci\u00f3n de problemas Cient\u00edficos, Pedag\u00f3gicos y Educativos<\/li><li class=\"list-group-item list-group-item-action\">Planeaci\u00f3n de proyectos de desarrollo<\/li><li class=\"list-group-item list-group-item-action\">Asesor\u00eda de Tesis Profesionales<\/li><li class=\"list-group-item list-group-item-action\">Turismo Cient\u00edfico<\/li><\/ul>\t\t\t\t\t\t\t\t<\/div>\n\t\t\t\t<\/div>\n\t\t\t\t\t<\/div>\n\t\t<\/div>\n\t\t\t\t\t<\/div>\n\t\t<\/section>\n\t\t\t\t<\/div>\n\t\t","protected":false},"excerpt":{"rendered":"<p>CURSOS LICENCIATURA DIPLOMADOS ESPECIALIZACIONES MAESTR\u00cdAS DOCTORADOS El Postgrado Pedag\u00f3gico para la calidad Total de la Praxis Educativa es un sistema de estudios del mayor nivel acad\u00e9mico dise\u00f1ado para la superaci\u00f3n profesional del magisterio que labora en la Educaci\u00f3n P\u00fablica. Como sistema incluye el conjunto de caracter\u00edsticas que los profesores de la educaci\u00f3n requieren para su [&hellip;]<\/p>\n","protected":false},"author":1,"featured_media":0,"parent":0,"menu_order":0,"comment_status":"closed","ping_status":"closed","template":"elementor_header_footer","meta":{"_acf_changed":false,"footnotes":""},"class_list":["post-11","page","type-page","status-publish","hentry"],"acf":[],"_links":{"self":[{"href":"https:\/\/www.imep.edu.mx\/index.php?rest_route=\/wp\/v2\/pages\/11","targetHints":{"allow":["GET"]}}],"collection":[{"href":"https:\/\/www.imep.edu.mx\/index.php?rest_route=\/wp\/v2\/pages"}],"about":[{"href":"https:\/\/www.imep.edu.mx\/index.php?rest_route=\/wp\/v2\/types\/page"}],"author":[{"embeddable":true,"href":"https:\/\/www.imep.edu.mx\/index.php?rest_route=\/wp\/v2\/users\/1"}],"replies":[{"embeddable":true,"href":"https:\/\/www.imep.edu.mx\/index.php?rest_route=%2Fwp%2Fv2%2Fcomments&post=11"}],"version-history":[{"count":16,"href":"https:\/\/www.imep.edu.mx\/index.php?rest_route=\/wp\/v2\/pages\/11\/revisions"}],"predecessor-version":[{"id":1051,"href":"https:\/\/www.imep.edu.mx\/index.php?rest_route=\/wp\/v2\/pages\/11\/revisions\/1051"}],"wp:attachment":[{"href":"https:\/\/www.imep.edu.mx\/index.php?rest_route=%2Fwp%2Fv2%2Fmedia&parent=11"}],"curies":[{"name":"wp","href":"https:\/\/api.w.org\/{rel}","templated":true}]}}